{"id":1103,"date":"2020-10-23T13:28:10","date_gmt":"2020-10-23T13:28:10","guid":{"rendered":"https:\/\/www.zesartech.com\/horno-de-secado-rapido\/"},"modified":"2021-05-16T16:26:19","modified_gmt":"2021-05-16T16:26:19","slug":"horno-de-secado-rapido","status":"publish","type":"product","link":"https:\/\/www.zesartech.com\/es\/horno-de-secado-rapido\/","title":{"rendered":"Horno de secado r\u00e1pido"},"content":{"rendered":"<p>[vc_row][vc_column][vc_column_text]El t\u00fanel de presecado, con su sistema especial de calefacci\u00f3n por convecci\u00f3n y aislamiento, minimiza el espacio de calefacci\u00f3n. De este modo, se dispone de una mayor eficiencia y el m\u00e1ximo ahorro de energ\u00eda. La temperatura es controlada autom\u00e1ticamente por los termopares y el calor se mantiene constante durante toda la operaci\u00f3n. Hay canales que soplan aire caliente tanto desde la parte inferior como hacia arriba de las placas y, por lo tanto, permiten el secado a doble cara.[\/vc_column_text][\/vc_column][\/vc_row][vc_row][vc_column width=\u00bb1\/4&#8243;][\/vc_column][vc_column width=\u00bb1\/2&#8243;][vc_single_image image=\u00bb368&#8243; img_size=\u00bbfull\u00bb][vc_row_inner][vc_column_inner width=\u00bb5\/6&#8243;][vc_column_text]Horno de secado r\u00e1pido[\/vc_column_text][\/vc_column_inner][vc_column_inner width=\u00bb1\/6&#8243;][vc_single_image image=\u00bb357&#8243; img_size=\u00bbfull\u00bb onclick=\u00bbcustom_link\u00bb img_link_target=\u00bb_blank\u00bb link=\u00bbhttps:\/\/zesar.com.tr\/wp-content\/uploads\/2020\/10\/FLASH-DRY-OVEN.pdf\u00bb][\/vc_column_inner][\/vc_row_inner][\/vc_column][vc_column width=\u00bb1\/4&#8243;][\/vc_column][\/vc_row][vc_row][vc_column][vc_column_text][\/vc_column_text][\/vc_column][\/vc_row]<\/p>\n","protected":false},"excerpt":{"rendered":"<p>[vc_row][vc_column][vc_column_text]El t\u00fanel de presecado, con su sistema especial de calefacci\u00f3n por convecci\u00f3n y aislamiento, minimiza el espacio de calefacci\u00f3n. De este modo, se dispone de una mayor eficiencia y el m\u00e1ximo ahorro de energ\u00eda. La temperatura es controlada autom\u00e1ticamente por los termopares y el calor se mantiene constante durante toda la operaci\u00f3n. Hay canales que [&hellip;]<\/p>\n","protected":false},"featured_media":855,"template":"","meta":[],"product_cat":[52],"product_tag":[],"acf":[],"yoast_head":"<!-- This site is optimized with the Yoast SEO plugin v19.7.1 - https:\/\/yoast.com\/wordpress\/plugins\/seo\/ -->\n<title>Horno de secado r\u00e1pido - Zesar<\/title>\n<meta name=\"robots\" content=\"index, follow, max-snippet:-1, max-image-preview:large, max-video-preview:-1\" \/>\n<link rel=\"canonical\" href=\"https:\/\/www.zesartech.com\/es\/horno-de-secado-rapido\/\" \/>\n<meta property=\"og:locale\" content=\"es_ES\" \/>\n<meta property=\"og:type\" content=\"article\" \/>\n<meta property=\"og:title\" content=\"Horno de secado r\u00e1pido - Zesar\" \/>\n<meta property=\"og:description\" content=\"[vc_row][vc_column][vc_column_text]El t\u00fanel de presecado, con su sistema especial de calefacci\u00f3n por convecci\u00f3n y aislamiento, minimiza el espacio de calefacci\u00f3n. De este modo, se dispone de una mayor eficiencia y el m\u00e1ximo ahorro de energ\u00eda. La temperatura es controlada autom\u00e1ticamente por los termopares y el calor se mantiene constante durante toda la operaci\u00f3n. Hay canales que [&hellip;]\" \/>\n<meta property=\"og:url\" content=\"https:\/\/www.zesartech.com\/es\/horno-de-secado-rapido\/\" \/>\n<meta property=\"og:site_name\" content=\"Zesar\" \/>\n<meta property=\"article:modified_time\" content=\"2021-05-16T16:26:19+00:00\" \/>\n<meta property=\"og:image\" content=\"https:\/\/www.zesartech.com\/wp-content\/uploads\/2020\/10\/FDO-A200-FLASH-DRY-OVEN-.jpg\" \/>\n\t<meta property=\"og:image:width\" content=\"750\" \/>\n\t<meta property=\"og:image:height\" content=\"497\" \/>\n\t<meta property=\"og:image:type\" content=\"image\/jpeg\" \/>\n<meta name=\"twitter:card\" content=\"summary_large_image\" \/>\n<meta name=\"twitter:label1\" content=\"Tiempo de lectura\" \/>\n\t<meta name=\"twitter:data1\" content=\"1 minuto\" \/>\n<script type=\"application\/ld+json\" class=\"yoast-schema-graph\">{\"@context\":\"https:\/\/schema.org\",\"@graph\":[{\"@type\":\"WebPage\",\"@id\":\"https:\/\/www.zesartech.com\/es\/horno-de-secado-rapido\/\",\"url\":\"https:\/\/www.zesartech.com\/es\/horno-de-secado-rapido\/\",\"name\":\"Horno de secado r\u00e1pido - Zesar\",\"isPartOf\":{\"@id\":\"https:\/\/www.zesartech.com\/es\/#website\"},\"datePublished\":\"2020-10-23T13:28:10+00:00\",\"dateModified\":\"2021-05-16T16:26:19+00:00\",\"breadcrumb\":{\"@id\":\"https:\/\/www.zesartech.com\/es\/horno-de-secado-rapido\/#breadcrumb\"},\"inLanguage\":\"es\",\"potentialAction\":[{\"@type\":\"ReadAction\",\"target\":[\"https:\/\/www.zesartech.com\/es\/horno-de-secado-rapido\/\"]}]},{\"@type\":\"BreadcrumbList\",\"@id\":\"https:\/\/www.zesartech.com\/es\/horno-de-secado-rapido\/#breadcrumb\",\"itemListElement\":[{\"@type\":\"ListItem\",\"position\":1,\"name\":\"Home\",\"item\":\"https:\/\/www.zesartech.com\/es\/\"},{\"@type\":\"ListItem\",\"position\":2,\"name\":\"Productos\",\"item\":\"https:\/\/www.zesartech.com\/es\/shop\/\"},{\"@type\":\"ListItem\",\"position\":3,\"name\":\"Horno de secado r\u00e1pido\"}]},{\"@type\":\"WebSite\",\"@id\":\"https:\/\/www.zesartech.com\/es\/#website\",\"url\":\"https:\/\/www.zesartech.com\/es\/\",\"name\":\"Zesar\",\"description\":\"\",\"potentialAction\":[{\"@type\":\"SearchAction\",\"target\":{\"@type\":\"EntryPoint\",\"urlTemplate\":\"https:\/\/www.zesartech.com\/es\/?s={search_term_string}\"},\"query-input\":\"required name=search_term_string\"}],\"inLanguage\":\"es\"}]}<\/script>\n<!-- \/ Yoast SEO plugin. -->","yoast_head_json":{"title":"Horno de secado r\u00e1pido - Zesar","robots":{"index":"index","follow":"follow","max-snippet":"max-snippet:-1","max-image-preview":"max-image-preview:large","max-video-preview":"max-video-preview:-1"},"canonical":"https:\/\/www.zesartech.com\/es\/horno-de-secado-rapido\/","og_locale":"es_ES","og_type":"article","og_title":"Horno de secado r\u00e1pido - Zesar","og_description":"[vc_row][vc_column][vc_column_text]El t\u00fanel de presecado, con su sistema especial de calefacci\u00f3n por convecci\u00f3n y aislamiento, minimiza el espacio de calefacci\u00f3n. De este modo, se dispone de una mayor eficiencia y el m\u00e1ximo ahorro de energ\u00eda. La temperatura es controlada autom\u00e1ticamente por los termopares y el calor se mantiene constante durante toda la operaci\u00f3n. Hay canales que [&hellip;]","og_url":"https:\/\/www.zesartech.com\/es\/horno-de-secado-rapido\/","og_site_name":"Zesar","article_modified_time":"2021-05-16T16:26:19+00:00","og_image":[{"width":750,"height":497,"url":"https:\/\/www.zesartech.com\/wp-content\/uploads\/2020\/10\/FDO-A200-FLASH-DRY-OVEN-.jpg","type":"image\/jpeg"}],"twitter_card":"summary_large_image","twitter_misc":{"Tiempo de lectura":"1 minuto"},"schema":{"@context":"https:\/\/schema.org","@graph":[{"@type":"WebPage","@id":"https:\/\/www.zesartech.com\/es\/horno-de-secado-rapido\/","url":"https:\/\/www.zesartech.com\/es\/horno-de-secado-rapido\/","name":"Horno de secado r\u00e1pido - Zesar","isPartOf":{"@id":"https:\/\/www.zesartech.com\/es\/#website"},"datePublished":"2020-10-23T13:28:10+00:00","dateModified":"2021-05-16T16:26:19+00:00","breadcrumb":{"@id":"https:\/\/www.zesartech.com\/es\/horno-de-secado-rapido\/#breadcrumb"},"inLanguage":"es","potentialAction":[{"@type":"ReadAction","target":["https:\/\/www.zesartech.com\/es\/horno-de-secado-rapido\/"]}]},{"@type":"BreadcrumbList","@id":"https:\/\/www.zesartech.com\/es\/horno-de-secado-rapido\/#breadcrumb","itemListElement":[{"@type":"ListItem","position":1,"name":"Home","item":"https:\/\/www.zesartech.com\/es\/"},{"@type":"ListItem","position":2,"name":"Productos","item":"https:\/\/www.zesartech.com\/es\/shop\/"},{"@type":"ListItem","position":3,"name":"Horno de secado r\u00e1pido"}]},{"@type":"WebSite","@id":"https:\/\/www.zesartech.com\/es\/#website","url":"https:\/\/www.zesartech.com\/es\/","name":"Zesar","description":"","potentialAction":[{"@type":"SearchAction","target":{"@type":"EntryPoint","urlTemplate":"https:\/\/www.zesartech.com\/es\/?s={search_term_string}"},"query-input":"required name=search_term_string"}],"inLanguage":"es"}]}},"_links":{"self":[{"href":"https:\/\/www.zesartech.com\/es\/wp-json\/wp\/v2\/product\/1103"}],"collection":[{"href":"https:\/\/www.zesartech.com\/es\/wp-json\/wp\/v2\/product"}],"about":[{"href":"https:\/\/www.zesartech.com\/es\/wp-json\/wp\/v2\/types\/product"}],"wp:featuredmedia":[{"embeddable":true,"href":"https:\/\/www.zesartech.com\/es\/wp-json\/wp\/v2\/media\/855"}],"wp:attachment":[{"href":"https:\/\/www.zesartech.com\/es\/wp-json\/wp\/v2\/media?parent=1103"}],"wp:term":[{"taxonomy":"product_cat","embeddable":true,"href":"https:\/\/www.zesartech.com\/es\/wp-json\/wp\/v2\/product_cat?post=1103"},{"taxonomy":"product_tag","embeddable":true,"href":"https:\/\/www.zesartech.com\/es\/wp-json\/wp\/v2\/product_tag?post=1103"}],"curies":[{"name":"wp","href":"https:\/\/api.w.org\/{rel}","templated":true}]}}