{"id":1101,"date":"2020-10-20T13:38:47","date_gmt":"2020-10-20T13:38:47","guid":{"rendered":"https:\/\/www.zesartech.com\/maquina-de-corte-agm-cepilladora-y-apiladora-2\/"},"modified":"2021-05-16T10:20:38","modified_gmt":"2021-05-16T10:20:38","slug":"maquina-de-corte-agm-cepilladora-y-apiladora-2","status":"publish","type":"product","link":"https:\/\/www.zesartech.com\/es\/maquina-de-corte-agm-cepilladora-y-apiladora-2\/","title":{"rendered":"M\u00e1quina de corte AGM &#8211; Cepilladora y apiladora"},"content":{"rendered":"<p>[vc_row][vc_column][vc_column_text]La Cortadora y Cepilladora, corta desde el centro los paneles cargados o descargados (placas dobles) y las agarraderas a la longitud solicitada, adem\u00e1s las cepilla. El cepillado es un m\u00e9todo que se utiliza para limpiar los residuos de pasta de las agarraderas y el \u00e1rea dividida de la placa.[\/vc_column_text][\/vc_column][\/vc_row][vc_row][vc_column width=\u00bb1\/4&#8243;][\/vc_column][vc_column width=\u00bb1\/2&#8243;][vc_single_image image=\u00bb379&#8243; img_size=\u00bbfull\u00bb][vc_row_inner][vc_column_inner width=\u00bb5\/6&#8243;][vc_column_text]M\u00e1quina de corte AGM &#8211; Cepilladora y apiladora[\/vc_column_text][\/vc_column_inner][vc_column_inner width=\u00bb1\/6&#8243;][vc_single_image image=\u00bb357&#8243; img_size=\u00bbfull\u00bb onclick=\u00bbcustom_link\u00bb img_link_target=\u00bb_blank\u00bb link=\u00bbhttps:\/\/zesar.com.tr\/wp-content\/uploads\/2020\/10\/PLATE-CUTTING-AND-BRUSHING-MACHINE.pdf\u00bb][\/vc_column_inner][\/vc_row_inner][\/vc_column][vc_column width=\u00bb1\/4&#8243;][\/vc_column][\/vc_row][vc_row][vc_column][vc_column_text]<\/p>\n<h3>Caracter\u00edsticas<\/h3>\n<ul>\n<li>Producci\u00f3n eficiente y alta productividad<\/li>\n<li>Corte y cepillado autom\u00e1tico de paneles cargados o descargados<\/li>\n<li>Precisi\u00f3n de corte \u00b1 1 mm<\/li>\n<li>Hasta 140 paneles\/minuto<\/li>\n<li>Altos est\u00e1ndares de salud, seguridad y medio ambiente<\/li>\n<\/ul>\n<p>La m\u00e1quina de corte y cepillado corta los paneles cargados o descargados (placas dobles) desde el medio y las asas a la longitud solicitada, cepilla las asas por ambos lados. El cepillado es un m\u00e9todo utilizado para limpiar los residuos de pasta en las asas de la placa empastada.<\/p>\n<ul>\n<li>Cubiertas de seguridad<\/li>\n<li>Sistema de recolecci\u00f3n de polvo<\/li>\n<li>Sistema de recolecci\u00f3n de chatarra<\/li>\n<li>Separaci\u00f3n precisa del panel con rodillo de goma, soporte central y gu\u00edas de asas<\/li>\n<li>Movimiento del panel minimizado y deslizamiento del panel no cortado<\/li>\n<li>Detecci\u00f3n de atascos<\/li>\n<li>Cuchillas de corte de rodillo libre<\/li>\n<\/ul>\n<h3>Caracter\u00edsticas opcionales<\/h3>\n<ul>\n<li>Apilador de vac\u00edo autom\u00e1tico<\/li>\n<\/ul>\n<h3>Capacidad<\/h3>\n<ul>\n<li>Hasta 140 paneles\/minuto<\/li>\n<\/ul>\n<h3>Mano de obra requerida<\/h3>\n<ul>\n<li>2 personas<\/li>\n<\/ul>\n<h3>Rango operacional<\/h3>\n<ul>\n<li>Altura de la placa soportada: 95-153 mm<\/li>\n<li>Espesor de placa admitido: 1.0-3.5 mm<\/li>\n<li><strong>FESTO<\/strong> Sistema neum\u00e1tico<\/li>\n<li>Potencia de instalaci\u00f3n: 4.1 kW<\/li>\n<li>Consumo de energ\u00eda el\u00e9ctrica: 4.1 kW<\/li>\n<li>Presi\u00f3n de aire: 5-7 bar<\/li>\n<li>Consumo de aire: 480 litros\/minuto<\/li>\n<li>Color: RAL 5015 (Azul ZESAR)<\/li>\n<\/ul>\n<p>[\/vc_column_text][\/vc_column][\/vc_row]<\/p>\n","protected":false},"excerpt":{"rendered":"<p>[vc_row][vc_column][vc_column_text]La Cortadora y Cepilladora, corta desde el centro los paneles cargados o descargados (placas dobles) y las agarraderas a la longitud solicitada, adem\u00e1s las cepilla. El cepillado es un m\u00e9todo que se utiliza para limpiar los residuos de pasta de las agarraderas y el \u00e1rea dividida de la placa.[\/vc_column_text][\/vc_column][\/vc_row][vc_row][vc_column width=\u00bb1\/4&#8243;][\/vc_column][vc_column width=\u00bb1\/2&#8243;][vc_single_image image=\u00bb379&#8243; img_size=\u00bbfull\u00bb][vc_row_inner][vc_column_inner width=\u00bb5\/6&#8243;][vc_column_text]M\u00e1quina de [&hellip;]<\/p>\n","protected":false},"featured_media":871,"template":"","meta":[],"product_cat":[52],"product_tag":[],"acf":[],"yoast_head":"<!-- This site is optimized with the Yoast SEO plugin v19.7.1 - https:\/\/yoast.com\/wordpress\/plugins\/seo\/ -->\n<title>M\u00e1quina de corte AGM - Cepilladora y apiladora - Zesar<\/title>\n<meta name=\"robots\" content=\"index, follow, max-snippet:-1, max-image-preview:large, max-video-preview:-1\" \/>\n<link rel=\"canonical\" href=\"https:\/\/www.zesartech.com\/es\/maquina-de-corte-agm-cepilladora-y-apiladora-2\/\" \/>\n<meta property=\"og:locale\" content=\"es_ES\" \/>\n<meta property=\"og:type\" content=\"article\" \/>\n<meta property=\"og:title\" content=\"M\u00e1quina de corte AGM - Cepilladora y apiladora - Zesar\" \/>\n<meta property=\"og:description\" content=\"[vc_row][vc_column][vc_column_text]La Cortadora y Cepilladora, corta desde el centro los paneles cargados o descargados (placas dobles) y las agarraderas a la longitud solicitada, adem\u00e1s las cepilla. El cepillado es un m\u00e9todo que se utiliza para limpiar los residuos de pasta de las agarraderas y el \u00e1rea dividida de la placa.[\/vc_column_text][\/vc_column][\/vc_row][vc_row][vc_column width=\u00bb1\/4&#8243;][\/vc_column][vc_column width=\u00bb1\/2&#8243;][vc_single_image image=\u00bb379&#8243; img_size=\u00bbfull\u00bb][vc_row_inner][vc_column_inner width=\u00bb5\/6&#8243;][vc_column_text]M\u00e1quina de [&hellip;]\" \/>\n<meta property=\"og:url\" content=\"https:\/\/www.zesartech.com\/es\/maquina-de-corte-agm-cepilladora-y-apiladora-2\/\" \/>\n<meta property=\"og:site_name\" content=\"Zesar\" \/>\n<meta property=\"article:modified_time\" content=\"2021-05-16T10:20:38+00:00\" \/>\n<meta property=\"og:image\" content=\"https:\/\/www.zesartech.com\/wp-content\/uploads\/2020\/10\/CNB-A180-PLATE-CUTTING-AND-BRUSHING.jpg\" \/>\n\t<meta property=\"og:image:width\" content=\"750\" \/>\n\t<meta property=\"og:image:height\" content=\"497\" \/>\n\t<meta property=\"og:image:type\" content=\"image\/jpeg\" \/>\n<meta name=\"twitter:card\" content=\"summary_large_image\" \/>\n<meta name=\"twitter:label1\" content=\"Tiempo de lectura\" \/>\n\t<meta name=\"twitter:data1\" content=\"2 minutos\" \/>\n<script type=\"application\/ld+json\" class=\"yoast-schema-graph\">{\"@context\":\"https:\/\/schema.org\",\"@graph\":[{\"@type\":\"WebPage\",\"@id\":\"https:\/\/www.zesartech.com\/es\/maquina-de-corte-agm-cepilladora-y-apiladora-2\/\",\"url\":\"https:\/\/www.zesartech.com\/es\/maquina-de-corte-agm-cepilladora-y-apiladora-2\/\",\"name\":\"M\u00e1quina de corte AGM - Cepilladora y apiladora - Zesar\",\"isPartOf\":{\"@id\":\"https:\/\/www.zesartech.com\/es\/#website\"},\"datePublished\":\"2020-10-20T13:38:47+00:00\",\"dateModified\":\"2021-05-16T10:20:38+00:00\",\"breadcrumb\":{\"@id\":\"https:\/\/www.zesartech.com\/es\/maquina-de-corte-agm-cepilladora-y-apiladora-2\/#breadcrumb\"},\"inLanguage\":\"es\",\"potentialAction\":[{\"@type\":\"ReadAction\",\"target\":[\"https:\/\/www.zesartech.com\/es\/maquina-de-corte-agm-cepilladora-y-apiladora-2\/\"]}]},{\"@type\":\"BreadcrumbList\",\"@id\":\"https:\/\/www.zesartech.com\/es\/maquina-de-corte-agm-cepilladora-y-apiladora-2\/#breadcrumb\",\"itemListElement\":[{\"@type\":\"ListItem\",\"position\":1,\"name\":\"Home\",\"item\":\"https:\/\/www.zesartech.com\/es\/\"},{\"@type\":\"ListItem\",\"position\":2,\"name\":\"Productos\",\"item\":\"https:\/\/www.zesartech.com\/es\/shop\/\"},{\"@type\":\"ListItem\",\"position\":3,\"name\":\"M\u00e1quina de corte AGM &#8211; Cepilladora y apiladora\"}]},{\"@type\":\"WebSite\",\"@id\":\"https:\/\/www.zesartech.com\/es\/#website\",\"url\":\"https:\/\/www.zesartech.com\/es\/\",\"name\":\"Zesar\",\"description\":\"\",\"potentialAction\":[{\"@type\":\"SearchAction\",\"target\":{\"@type\":\"EntryPoint\",\"urlTemplate\":\"https:\/\/www.zesartech.com\/es\/?s={search_term_string}\"},\"query-input\":\"required name=search_term_string\"}],\"inLanguage\":\"es\"}]}<\/script>\n<!-- \/ Yoast SEO plugin. -->","yoast_head_json":{"title":"M\u00e1quina de corte AGM - Cepilladora y apiladora - Zesar","robots":{"index":"index","follow":"follow","max-snippet":"max-snippet:-1","max-image-preview":"max-image-preview:large","max-video-preview":"max-video-preview:-1"},"canonical":"https:\/\/www.zesartech.com\/es\/maquina-de-corte-agm-cepilladora-y-apiladora-2\/","og_locale":"es_ES","og_type":"article","og_title":"M\u00e1quina de corte AGM - Cepilladora y apiladora - Zesar","og_description":"[vc_row][vc_column][vc_column_text]La Cortadora y Cepilladora, corta desde el centro los paneles cargados o descargados (placas dobles) y las agarraderas a la longitud solicitada, adem\u00e1s las cepilla. El cepillado es un m\u00e9todo que se utiliza para limpiar los residuos de pasta de las agarraderas y el \u00e1rea dividida de la placa.[\/vc_column_text][\/vc_column][\/vc_row][vc_row][vc_column width=\u00bb1\/4&#8243;][\/vc_column][vc_column width=\u00bb1\/2&#8243;][vc_single_image image=\u00bb379&#8243; img_size=\u00bbfull\u00bb][vc_row_inner][vc_column_inner width=\u00bb5\/6&#8243;][vc_column_text]M\u00e1quina de [&hellip;]","og_url":"https:\/\/www.zesartech.com\/es\/maquina-de-corte-agm-cepilladora-y-apiladora-2\/","og_site_name":"Zesar","article_modified_time":"2021-05-16T10:20:38+00:00","og_image":[{"width":750,"height":497,"url":"https:\/\/www.zesartech.com\/wp-content\/uploads\/2020\/10\/CNB-A180-PLATE-CUTTING-AND-BRUSHING.jpg","type":"image\/jpeg"}],"twitter_card":"summary_large_image","twitter_misc":{"Tiempo de lectura":"2 minutos"},"schema":{"@context":"https:\/\/schema.org","@graph":[{"@type":"WebPage","@id":"https:\/\/www.zesartech.com\/es\/maquina-de-corte-agm-cepilladora-y-apiladora-2\/","url":"https:\/\/www.zesartech.com\/es\/maquina-de-corte-agm-cepilladora-y-apiladora-2\/","name":"M\u00e1quina de corte AGM - Cepilladora y apiladora - Zesar","isPartOf":{"@id":"https:\/\/www.zesartech.com\/es\/#website"},"datePublished":"2020-10-20T13:38:47+00:00","dateModified":"2021-05-16T10:20:38+00:00","breadcrumb":{"@id":"https:\/\/www.zesartech.com\/es\/maquina-de-corte-agm-cepilladora-y-apiladora-2\/#breadcrumb"},"inLanguage":"es","potentialAction":[{"@type":"ReadAction","target":["https:\/\/www.zesartech.com\/es\/maquina-de-corte-agm-cepilladora-y-apiladora-2\/"]}]},{"@type":"BreadcrumbList","@id":"https:\/\/www.zesartech.com\/es\/maquina-de-corte-agm-cepilladora-y-apiladora-2\/#breadcrumb","itemListElement":[{"@type":"ListItem","position":1,"name":"Home","item":"https:\/\/www.zesartech.com\/es\/"},{"@type":"ListItem","position":2,"name":"Productos","item":"https:\/\/www.zesartech.com\/es\/shop\/"},{"@type":"ListItem","position":3,"name":"M\u00e1quina de corte AGM &#8211; Cepilladora y apiladora"}]},{"@type":"WebSite","@id":"https:\/\/www.zesartech.com\/es\/#website","url":"https:\/\/www.zesartech.com\/es\/","name":"Zesar","description":"","potentialAction":[{"@type":"SearchAction","target":{"@type":"EntryPoint","urlTemplate":"https:\/\/www.zesartech.com\/es\/?s={search_term_string}"},"query-input":"required name=search_term_string"}],"inLanguage":"es"}]}},"_links":{"self":[{"href":"https:\/\/www.zesartech.com\/es\/wp-json\/wp\/v2\/product\/1101"}],"collection":[{"href":"https:\/\/www.zesartech.com\/es\/wp-json\/wp\/v2\/product"}],"about":[{"href":"https:\/\/www.zesartech.com\/es\/wp-json\/wp\/v2\/types\/product"}],"wp:featuredmedia":[{"embeddable":true,"href":"https:\/\/www.zesartech.com\/es\/wp-json\/wp\/v2\/media\/871"}],"wp:attachment":[{"href":"https:\/\/www.zesartech.com\/es\/wp-json\/wp\/v2\/media?parent=1101"}],"wp:term":[{"taxonomy":"product_cat","embeddable":true,"href":"https:\/\/www.zesartech.com\/es\/wp-json\/wp\/v2\/product_cat?post=1101"},{"taxonomy":"product_tag","embeddable":true,"href":"https:\/\/www.zesartech.com\/es\/wp-json\/wp\/v2\/product_tag?post=1101"}],"curies":[{"name":"wp","href":"https:\/\/api.w.org\/{rel}","templated":true}]}}