{"id":1099,"date":"2020-10-30T13:42:59","date_gmt":"2020-10-30T13:42:59","guid":{"rendered":"https:\/\/www.zesartech.com\/maquina-de-envolver-y-apilar\/"},"modified":"2021-05-16T10:04:54","modified_gmt":"2021-05-16T10:04:54","slug":"maquina-de-envolver-y-apilar","status":"publish","type":"product","link":"https:\/\/www.zesartech.com\/es\/maquina-de-envolver-y-apilar\/","title":{"rendered":"M\u00e1quina de envolver y apilar"},"content":{"rendered":"<p>[vc_row][vc_column][vc_column_text]La m\u00e1quina de envolver y apilar ha sido desarrollada para una producci\u00f3n eficiente y una operaci\u00f3n simplificada. Control programable del proceso de envolver: el mecanismo avanzado de alimentaci\u00f3n de la placa y la especificaci\u00f3n de recogida de la placa al vac\u00edo motorizada hacen que la Maquina Envolvedora sea una herramienta poderosa para la fabricaci\u00f3n de bater\u00edas.[\/vc_column_text][\/vc_column][\/vc_row][vc_row][vc_column][vc_single_image image=\u00bb386&#8243; img_size=\u00bbfull\u00bb][vc_row_inner][vc_column_inner width=\u00bb5\/6&#8243;][vc_column_text]M\u00e1quina de envolver y apilar[\/vc_column_text][\/vc_column_inner][vc_column_inner width=\u00bb1\/6&#8243;][vc_single_image image=\u00bb357&#8243; img_size=\u00bbfull\u00bb onclick=\u00bbcustom_link\u00bb img_link_target=\u00bb_blank\u00bb link=\u00bbhttps:\/\/zesar.com.tr\/wp-content\/uploads\/2020\/10\/ENVELOPING-MACHINE-1.pdf\u00bb][\/vc_column_inner][\/vc_row_inner][\/vc_column][\/vc_row][vc_row][vc_column][vc_column_text]<\/p>\n<h3>Caracter\u00edsticas<\/h3>\n<ul>\n<li>Producci\u00f3n eficiente y alta productividad<\/li>\n<li>Adecuado para separadores de PE, envolturas AGM, esterilla de vidrio y separadores de PVC opcionalmente<\/li>\n<li>Hasta 110 placas envueltas\/minuto<\/li>\n<li>Altos est\u00e1ndares de salud, seguridad y medio ambiente<\/li>\n<\/ul>\n<p><strong>M\u00e1quina envolvedora y apiladora<\/strong> ha sido desarrollada para una producci\u00f3n eficiente y un funcionamiento simplificado. El control programable del proceso de envoltura, el mecanismo avanzado de alimentaci\u00f3n de la placa y la especificaci\u00f3n de recogida de la placa de vac\u00edo motorizada hacen que la m\u00e1quina envolvedora sea una herramienta poderosa para la fabricaci\u00f3n de bater\u00edas.<\/p>\n<ul>\n<li>Para todo tipo de placas (fundidas, expandidas, perforadas, fundidas por gravedad)<\/li>\n<li>Rueda apiladora de grupo<\/li>\n<li>Mecanismo de alimentaci\u00f3n de placas de nueva generaci\u00f3n para un funcionamiento r\u00e1pido y preciso<\/li>\n<li>Estaci\u00f3n de alimentaci\u00f3n de placas adicional para placas at\u00edpicas<\/li>\n<li>Placas envueltas adicionales<\/li>\n<li>Transportador de sujeci\u00f3n y alineaci\u00f3n de grupo vertical<\/li>\n<li>Conteo de asas<\/li>\n<li>Puerta de seguridad neum\u00e1tica con sensor de presi\u00f3n controlada autom\u00e1ticamente<\/li>\n<li>Canales de evacuaci\u00f3n integrados para cumplir con los est\u00e1ndares de salud y seguridad.<\/li>\n<li>Detectores electr\u00f3nicos de placas faltantes y sin envolver<\/li>\n<li>Detector de fin de rollo separador<\/li>\n<li>Detector de envolturas vac\u00edas<\/li>\n<li>Ajuste variable de la longitud del separador<\/li>\n<li>Engranajes de costura giratorios con ajuste de presi\u00f3n<\/li>\n<li>F\u00e1cil ajuste de los rieles de gu\u00eda<\/li>\n<li>Extractor de elementos neum\u00e1ticos, no m\u00e1s problemas con la cadena<\/li>\n<li>Varios programas de apilamiento<\/li>\n<li>Alimentador de rollo separador impulsado por motor<\/li>\n<\/ul>\n<h3>Caracter\u00edsticas opcionales<\/h3>\n<ul>\n<li>Envoltorios AGM, esterilla de vidrio o separadores de PVC<\/li>\n<li>Segundo rodillo alimentador de separador para esterilla de vidrio<\/li>\n<li>Comprobaci\u00f3n de la longitud del separador y sistema de comprobaci\u00f3n de la costura<\/li>\n<li>Cepillado de asas<\/li>\n<\/ul>\n<h3>Capacidad<\/h3>\n<ul>\n<li>Placas envueltas\/min (PE): hasta 110 placas<\/li>\n<li>Placas envueltas\/min (AGM): hasta 90 placas<\/li>\n<li>Placas envueltas\/min (esterilla de vidrio): hasta 90 placas<\/li>\n<li>Placas envueltas\/min (PVC): hasta 110 placas<\/li>\n<\/ul>\n<h3>Mano de obra requerida<\/h3>\n<ul>\n<li>2 personas para carga y descarga<\/li>\n<\/ul>\n<h3>Rango operacional<\/h3>\n<ul>\n<li>Placa admitida 90-153 mm de ancho<\/li>\n<li>Placa admitida 95-152 mm de altura<\/li>\n<li>Placa admitida de 0.8-3.5 mm de espesor<\/li>\n<li>Espesor de grupo admitido 20-70 mm<\/li>\n<\/ul>\n<h3>Datos t\u00e9cnicos<\/h3>\n<ul>\n<li><strong>SIEMENS<\/strong> Sistema PLC<\/li>\n<li><strong>FESTO<\/strong> Sistema neum\u00e1tico<\/li>\n<li><strong>Siemens<\/strong> o <strong>Sew Eurodrive<\/strong> Servomotores<\/li>\n<li>Potencia de instalaci\u00f3n: 11 kW<\/li>\n<li>Consumo de energ\u00eda el\u00e9ctrica: 11 kW<\/li>\n<li>Presi\u00f3n de aire: 5-7 bar<\/li>\n<li>Consumo de aire: 24.36 litros\/minuto<\/li>\n<li>Color: RAL 5015 (Azul ZESAR)<\/li>\n<\/ul>\n<p>[\/vc_column_text][\/vc_column][\/vc_row]<\/p>\n","protected":false},"excerpt":{"rendered":"<p>[vc_row][vc_column][vc_column_text]La m\u00e1quina de envolver y apilar ha sido desarrollada para una producci\u00f3n eficiente y una operaci\u00f3n simplificada. Control programable del proceso de envolver: el mecanismo avanzado de alimentaci\u00f3n de la placa y la especificaci\u00f3n de recogida de la placa al vac\u00edo motorizada hacen que la Maquina Envolvedora sea una herramienta poderosa para la fabricaci\u00f3n de [&hellip;]<\/p>\n","protected":false},"featured_media":881,"template":"","meta":[],"product_cat":[46],"product_tag":[],"acf":[],"yoast_head":"<!-- This site is optimized with the Yoast SEO plugin v19.7.1 - https:\/\/yoast.com\/wordpress\/plugins\/seo\/ -->\n<title>M\u00e1quina de envolver y apilar - Zesar<\/title>\n<meta name=\"robots\" content=\"index, follow, max-snippet:-1, max-image-preview:large, max-video-preview:-1\" \/>\n<link rel=\"canonical\" href=\"https:\/\/www.zesartech.com\/es\/maquina-de-envolver-y-apilar\/\" \/>\n<meta property=\"og:locale\" content=\"es_ES\" \/>\n<meta property=\"og:type\" content=\"article\" \/>\n<meta property=\"og:title\" content=\"M\u00e1quina de envolver y apilar - Zesar\" \/>\n<meta property=\"og:description\" content=\"[vc_row][vc_column][vc_column_text]La m\u00e1quina de envolver y apilar ha sido desarrollada para una producci\u00f3n eficiente y una operaci\u00f3n simplificada. Control programable del proceso de envolver: el mecanismo avanzado de alimentaci\u00f3n de la placa y la especificaci\u00f3n de recogida de la placa al vac\u00edo motorizada hacen que la Maquina Envolvedora sea una herramienta poderosa para la fabricaci\u00f3n de [&hellip;]\" \/>\n<meta property=\"og:url\" content=\"https:\/\/www.zesartech.com\/es\/maquina-de-envolver-y-apilar\/\" \/>\n<meta property=\"og:site_name\" content=\"Zesar\" \/>\n<meta property=\"article:modified_time\" content=\"2021-05-16T10:04:54+00:00\" \/>\n<meta property=\"og:image\" content=\"https:\/\/www.zesartech.com\/wp-content\/uploads\/2020\/10\/ENS-A110-ENVELOPING-STACKING-MACHINE-.jpg\" \/>\n\t<meta property=\"og:image:width\" content=\"750\" \/>\n\t<meta property=\"og:image:height\" content=\"497\" \/>\n\t<meta property=\"og:image:type\" content=\"image\/jpeg\" \/>\n<meta name=\"twitter:card\" content=\"summary_large_image\" \/>\n<meta name=\"twitter:label1\" content=\"Tiempo de lectura\" \/>\n\t<meta name=\"twitter:data1\" content=\"2 minutos\" \/>\n<script type=\"application\/ld+json\" class=\"yoast-schema-graph\">{\"@context\":\"https:\/\/schema.org\",\"@graph\":[{\"@type\":\"WebPage\",\"@id\":\"https:\/\/www.zesartech.com\/es\/maquina-de-envolver-y-apilar\/\",\"url\":\"https:\/\/www.zesartech.com\/es\/maquina-de-envolver-y-apilar\/\",\"name\":\"M\u00e1quina de envolver y apilar - Zesar\",\"isPartOf\":{\"@id\":\"https:\/\/www.zesartech.com\/es\/#website\"},\"datePublished\":\"2020-10-30T13:42:59+00:00\",\"dateModified\":\"2021-05-16T10:04:54+00:00\",\"breadcrumb\":{\"@id\":\"https:\/\/www.zesartech.com\/es\/maquina-de-envolver-y-apilar\/#breadcrumb\"},\"inLanguage\":\"es\",\"potentialAction\":[{\"@type\":\"ReadAction\",\"target\":[\"https:\/\/www.zesartech.com\/es\/maquina-de-envolver-y-apilar\/\"]}]},{\"@type\":\"BreadcrumbList\",\"@id\":\"https:\/\/www.zesartech.com\/es\/maquina-de-envolver-y-apilar\/#breadcrumb\",\"itemListElement\":[{\"@type\":\"ListItem\",\"position\":1,\"name\":\"Home\",\"item\":\"https:\/\/www.zesartech.com\/es\/\"},{\"@type\":\"ListItem\",\"position\":2,\"name\":\"Productos\",\"item\":\"https:\/\/www.zesartech.com\/es\/shop\/\"},{\"@type\":\"ListItem\",\"position\":3,\"name\":\"M\u00e1quina de envolver y apilar\"}]},{\"@type\":\"WebSite\",\"@id\":\"https:\/\/www.zesartech.com\/es\/#website\",\"url\":\"https:\/\/www.zesartech.com\/es\/\",\"name\":\"Zesar\",\"description\":\"\",\"potentialAction\":[{\"@type\":\"SearchAction\",\"target\":{\"@type\":\"EntryPoint\",\"urlTemplate\":\"https:\/\/www.zesartech.com\/es\/?s={search_term_string}\"},\"query-input\":\"required name=search_term_string\"}],\"inLanguage\":\"es\"}]}<\/script>\n<!-- \/ Yoast SEO plugin. -->","yoast_head_json":{"title":"M\u00e1quina de envolver y apilar - Zesar","robots":{"index":"index","follow":"follow","max-snippet":"max-snippet:-1","max-image-preview":"max-image-preview:large","max-video-preview":"max-video-preview:-1"},"canonical":"https:\/\/www.zesartech.com\/es\/maquina-de-envolver-y-apilar\/","og_locale":"es_ES","og_type":"article","og_title":"M\u00e1quina de envolver y apilar - Zesar","og_description":"[vc_row][vc_column][vc_column_text]La m\u00e1quina de envolver y apilar ha sido desarrollada para una producci\u00f3n eficiente y una operaci\u00f3n simplificada. Control programable del proceso de envolver: el mecanismo avanzado de alimentaci\u00f3n de la placa y la especificaci\u00f3n de recogida de la placa al vac\u00edo motorizada hacen que la Maquina Envolvedora sea una herramienta poderosa para la fabricaci\u00f3n de [&hellip;]","og_url":"https:\/\/www.zesartech.com\/es\/maquina-de-envolver-y-apilar\/","og_site_name":"Zesar","article_modified_time":"2021-05-16T10:04:54+00:00","og_image":[{"width":750,"height":497,"url":"https:\/\/www.zesartech.com\/wp-content\/uploads\/2020\/10\/ENS-A110-ENVELOPING-STACKING-MACHINE-.jpg","type":"image\/jpeg"}],"twitter_card":"summary_large_image","twitter_misc":{"Tiempo de lectura":"2 minutos"},"schema":{"@context":"https:\/\/schema.org","@graph":[{"@type":"WebPage","@id":"https:\/\/www.zesartech.com\/es\/maquina-de-envolver-y-apilar\/","url":"https:\/\/www.zesartech.com\/es\/maquina-de-envolver-y-apilar\/","name":"M\u00e1quina de envolver y apilar - Zesar","isPartOf":{"@id":"https:\/\/www.zesartech.com\/es\/#website"},"datePublished":"2020-10-30T13:42:59+00:00","dateModified":"2021-05-16T10:04:54+00:00","breadcrumb":{"@id":"https:\/\/www.zesartech.com\/es\/maquina-de-envolver-y-apilar\/#breadcrumb"},"inLanguage":"es","potentialAction":[{"@type":"ReadAction","target":["https:\/\/www.zesartech.com\/es\/maquina-de-envolver-y-apilar\/"]}]},{"@type":"BreadcrumbList","@id":"https:\/\/www.zesartech.com\/es\/maquina-de-envolver-y-apilar\/#breadcrumb","itemListElement":[{"@type":"ListItem","position":1,"name":"Home","item":"https:\/\/www.zesartech.com\/es\/"},{"@type":"ListItem","position":2,"name":"Productos","item":"https:\/\/www.zesartech.com\/es\/shop\/"},{"@type":"ListItem","position":3,"name":"M\u00e1quina de envolver y apilar"}]},{"@type":"WebSite","@id":"https:\/\/www.zesartech.com\/es\/#website","url":"https:\/\/www.zesartech.com\/es\/","name":"Zesar","description":"","potentialAction":[{"@type":"SearchAction","target":{"@type":"EntryPoint","urlTemplate":"https:\/\/www.zesartech.com\/es\/?s={search_term_string}"},"query-input":"required name=search_term_string"}],"inLanguage":"es"}]}},"_links":{"self":[{"href":"https:\/\/www.zesartech.com\/es\/wp-json\/wp\/v2\/product\/1099"}],"collection":[{"href":"https:\/\/www.zesartech.com\/es\/wp-json\/wp\/v2\/product"}],"about":[{"href":"https:\/\/www.zesartech.com\/es\/wp-json\/wp\/v2\/types\/product"}],"wp:featuredmedia":[{"embeddable":true,"href":"https:\/\/www.zesartech.com\/es\/wp-json\/wp\/v2\/media\/881"}],"wp:attachment":[{"href":"https:\/\/www.zesartech.com\/es\/wp-json\/wp\/v2\/media?parent=1099"}],"wp:term":[{"taxonomy":"product_cat","embeddable":true,"href":"https:\/\/www.zesartech.com\/es\/wp-json\/wp\/v2\/product_cat?post=1099"},{"taxonomy":"product_tag","embeddable":true,"href":"https:\/\/www.zesartech.com\/es\/wp-json\/wp\/v2\/product_tag?post=1099"}],"curies":[{"name":"wp","href":"https:\/\/api.w.org\/{rel}","templated":true}]}}