{"id":1098,"date":"2020-10-30T13:45:54","date_gmt":"2020-10-30T13:45:54","guid":{"rendered":"https:\/\/www.zesartech.com\/maquina-de-fundicion-con-correa\/"},"modified":"2021-05-16T09:56:55","modified_gmt":"2021-05-16T09:56:55","slug":"maquina-de-fundicion-con-correa","status":"publish","type":"product","link":"https:\/\/www.zesartech.com\/es\/maquina-de-fundicion-con-correa\/","title":{"rendered":"Maquina de fundici\u00f3n con correa"},"content":{"rendered":"<p>[vc_row][vc_column][vc_column_text]La m\u00e1quina de fundici\u00f3n con correa est\u00e1 dise\u00f1ada para procesar bater\u00edas automotrices e industriales. Debido al grosor de los grupos de placas, se puede lograr una tasa de producci\u00f3n de hasta 3 bater\u00edas por minuto.\u00a0 El uso de indexaci\u00f3n giratoria electromec\u00e1nica elimina cualquier retraso debido al impulso del plato giratorio y permite un posicionamiento perfecto.[\/vc_column_text][\/vc_column][\/vc_row][vc_row][vc_column width=\u00bb1\/2&#8243;][vc_single_image image=\u00bb391&#8243; img_size=\u00bbfull\u00bb][vc_row_inner][vc_column_inner width=\u00bb5\/6&#8243;][vc_column_text]COS A500 &#8211; Maquina de fundici\u00f3n con correa[\/vc_column_text][\/vc_column_inner][vc_column_inner width=\u00bb1\/6&#8243;][vc_single_image image=\u00bb357&#8243; img_size=\u00bbfull\u00bb onclick=\u00bbcustom_link\u00bb img_link_target=\u00bb_blank\u00bb link=\u00bbhttps:\/\/zesar.com.tr\/wp-content\/uploads\/2020\/10\/CAST-ON-STRAP-MACHINE-1.pdf\u00bb][\/vc_column_inner][\/vc_row_inner][\/vc_column][vc_column width=\u00bb1\/2&#8243;][vc_single_image image=\u00bb392&#8243; img_size=\u00bbfull\u00bb][vc_row_inner][vc_column_inner width=\u00bb5\/6&#8243;][vc_column_text]COS A500 &#8211; Maquina de AGM lineal fundici\u00f3n con correa[\/vc_column_text][\/vc_column_inner][vc_column_inner width=\u00bb1\/6&#8243;][vc_single_image image=\u00bb357&#8243; img_size=\u00bbfull\u00bb onclick=\u00bbcustom_link\u00bb img_link_target=\u00bb_blank\u00bb link=\u00bbhttps:\/\/zesar.com.tr\/wp-content\/uploads\/2020\/10\/COS-L100-AGM-COS-MACHINE.pdf\u00bb][\/vc_column_inner][\/vc_row_inner][\/vc_column][\/vc_row][vc_row][vc_column][vc_column_text]<\/p>\n<h3>Caracter\u00edsticas<\/h3>\n<ul>\n<li>Producci\u00f3n eficiente y alta productividad<\/li>\n<li>Apto para todas las bater\u00edas SLI<\/li>\n<li>Hasta 5 bater\u00edas\/minuto<\/li>\n<li>Altos est\u00e1ndares de salud, seguridad y medio ambiente<\/li>\n<\/ul>\n<p><strong>La m\u00e1quina de fundido en puente com\u00fan<\/strong> est\u00e1 dise\u00f1ada para procesar todo tipo de bater\u00edas SLI. Debido al grosor de los grupos de placas, se puede lograr una tasa de producci\u00f3n de hasta 5 bater\u00edas por minuto. El uso de indexaci\u00f3n giratoria electromec\u00e1nica elimina cualquier retraso debido al impulso del plato giratorio y permite un posicionamiento perfecto.<\/p>\n<ul>\n<li>Funcionamiento rotativo en 4 puestos de trabajo<\/li>\n<li>Mesa giratoria de hierro fundido especial\/patentado<\/li>\n<li>Alineaci\u00f3n autom\u00e1tica de placa y asa<\/li>\n<li>Cepillado autom\u00e1tico de asas en 3 pasos<\/li>\n<li>Aplicaci\u00f3n y alimentaci\u00f3n autom\u00e1tica de fundente<\/li>\n<li>Secado y precalentamiento autom\u00e1tico de asas<\/li>\n<li>Extracci\u00f3n de aire en 3 estaciones para cumplir con los est\u00e1ndares de salud y seguridad.<\/li>\n<li>Equipo de refrigeraci\u00f3n de agua patentado<\/li>\n<li>Dise\u00f1o patentado de molde de escape de plomo<\/li>\n<li>Conexiones de molde r\u00e1pidas con acoplamiento r\u00e1pido<\/li>\n<li>Fijador de moldes f\u00e1ciles<\/li>\n<li>Crisol para fundici\u00f3n de plomo con capacidad de 1000 kg<\/li>\n<li>Sensor de nivel en el crisol para fundici\u00f3n de plomo para una colada precisa<\/li>\n<li>Caja de plantillas patentada para contener grupos de diferentes tama\u00f1os con 6 o 12 celdas<\/li>\n<li>Soporte para caja de plantillas vertical en la estaci\u00f3n de fundici\u00f3n para un f\u00e1cil mantenimiento<\/li>\n<li>Caja de plantillas de ajuste r\u00e1pido<\/li>\n<li>Sistema especial de resortes para diferentes espesores de grupo<\/li>\n<li>Posicionamiento preciso con tabla de indexaci\u00f3n<\/li>\n<li>Inmersi\u00f3n controlada neum\u00e1ticamente para un espesor preciso de la correa y tiempo de inmersi\u00f3n<\/li>\n<\/ul>\n<h3>Caracter\u00edsticas opcionales<\/h3>\n<ul>\n<li>Crisol de plomo con calefacci\u00f3n el\u00e9ctrica o calefacci\u00f3n por gas<\/li>\n<li>Alimentador de barras de plomo<\/li>\n<li>Caja de plantillas AGM<\/li>\n<li>Estaci\u00f3n de esta\u00f1ado<\/li>\n<li>COS I400 para aplicaciones industriales<\/li>\n<\/ul>\n<h3>Capacidad<\/h3>\n<ul>\n<li>5 pilas\/minuto (si el espesor del grupo es inferior a 24 mm con doble moldura)<\/li>\n<li>3 bater\u00edas\/minuto (arreglo 1\u00d76)<\/li>\n<li>2 bater\u00edas\/minuto (arreglo 2\u00d73, hasta 135 Ah)-103 mm<\/li>\n<li>5 bater\u00edas\/minuto (arreglo 2\u00d73)<\/li>\n<\/ul>\n<h3>Mano de obra requerida<\/h3>\n<ul>\n<li>2 personas<\/li>\n<\/ul>\n<h3>Rango operacional<\/h3>\n<ul>\n<li>Altura del grupo admitida 155 mm m\u00e1x.<\/li>\n<li>Espesor de asa admitido 3.10 mm m\u00e1x.<\/li>\n<\/ul>\n<h3>Datos t\u00e9cnicos<\/h3>\n<ul>\n<li><strong>SIEMENS<\/strong> Sistema PLC<\/li>\n<li><strong>FESTO<\/strong> Sistema neum\u00e1tico<\/li>\n<li><strong>Siemens<\/strong> o <strong>Sew Eurodrive <\/strong>Servomotores<\/li>\n<li>Potencia de instalaci\u00f3n: 40 kW<\/li>\n<li>Consumo de energ\u00eda el\u00e9ctrica: 40 kW<\/li>\n<li>Presi\u00f3n de aire: 5-7 bar<\/li>\n<li>Consumo de aire: 68 litros\/minuto<\/li>\n<li>Presi\u00f3n de gas: 20-50 mbar<\/li>\n<li>Consumo de gas: 10.3 m\u00b3\/h<\/li>\n<li>Capacidad del quemador: 60 Kcal\/hx1000<\/li>\n<li>Resistencias del calentador:<\/li>\n<li>Resistencia de molde: 4500 W x 4 piezas<\/li>\n<li>Resistencia de la l\u00ednea de alimentaci\u00f3n: 1250 Wx2 piezas<\/li>\n<li>Resistencia de la bomba: 1500 Wx2 piezas<\/li>\n<li>Resistencia del crisol de plomo (opcional): 2250 Wx12 piezas<\/li>\n<li>Capacidad del sistema de refrigeraci\u00f3n: 13.7 kW<\/li>\n<li>Presi\u00f3n de agua: 2.5 bar<\/li>\n<li>Consumo de agua: 2.4 m\u00b3\/h<\/li>\n<li>Color: RAL 5015 (Azul ZESAR)<\/li>\n<\/ul>\n<p>[\/vc_column_text][\/vc_column][\/vc_row]<\/p>\n","protected":false},"excerpt":{"rendered":"<p>[vc_row][vc_column][vc_column_text]La m\u00e1quina de fundici\u00f3n con correa est\u00e1 dise\u00f1ada para procesar bater\u00edas automotrices e industriales. Debido al grosor de los grupos de placas, se puede lograr una tasa de producci\u00f3n de hasta 3 bater\u00edas por minuto.\u00a0 El uso de indexaci\u00f3n giratoria electromec\u00e1nica elimina cualquier retraso debido al impulso del plato giratorio y permite un posicionamiento perfecto.[\/vc_column_text][\/vc_column][\/vc_row][vc_row][vc_column [&hellip;]<\/p>\n","protected":false},"featured_media":889,"template":"","meta":[],"product_cat":[46],"product_tag":[],"acf":[],"yoast_head":"<!-- This site is optimized with the Yoast SEO plugin v19.7.1 - https:\/\/yoast.com\/wordpress\/plugins\/seo\/ -->\n<title>Maquina de fundici\u00f3n con correa - Zesar<\/title>\n<meta name=\"robots\" content=\"index, follow, max-snippet:-1, max-image-preview:large, max-video-preview:-1\" \/>\n<link rel=\"canonical\" href=\"https:\/\/www.zesartech.com\/es\/maquina-de-fundicion-con-correa\/\" \/>\n<meta property=\"og:locale\" content=\"es_ES\" \/>\n<meta property=\"og:type\" content=\"article\" \/>\n<meta property=\"og:title\" content=\"Maquina de fundici\u00f3n con correa - Zesar\" \/>\n<meta property=\"og:description\" content=\"[vc_row][vc_column][vc_column_text]La m\u00e1quina de fundici\u00f3n con correa est\u00e1 dise\u00f1ada para procesar bater\u00edas automotrices e industriales. Debido al grosor de los grupos de placas, se puede lograr una tasa de producci\u00f3n de hasta 3 bater\u00edas por minuto.\u00a0 El uso de indexaci\u00f3n giratoria electromec\u00e1nica elimina cualquier retraso debido al impulso del plato giratorio y permite un posicionamiento perfecto.[\/vc_column_text][\/vc_column][\/vc_row][vc_row][vc_column [&hellip;]\" \/>\n<meta property=\"og:url\" content=\"https:\/\/www.zesartech.com\/es\/maquina-de-fundicion-con-correa\/\" \/>\n<meta property=\"og:site_name\" content=\"Zesar\" \/>\n<meta property=\"article:modified_time\" content=\"2021-05-16T09:56:55+00:00\" \/>\n<meta property=\"og:image\" content=\"https:\/\/www.zesartech.com\/wp-content\/uploads\/2020\/10\/COS-A500-CAST-ON-STRAP-MACHINE-2.jpg\" \/>\n\t<meta property=\"og:image:width\" content=\"750\" \/>\n\t<meta property=\"og:image:height\" content=\"497\" \/>\n\t<meta property=\"og:image:type\" content=\"image\/jpeg\" \/>\n<meta name=\"twitter:card\" content=\"summary_large_image\" \/>\n<meta name=\"twitter:label1\" content=\"Tiempo de lectura\" \/>\n\t<meta name=\"twitter:data1\" content=\"3 minutos\" \/>\n<script type=\"application\/ld+json\" class=\"yoast-schema-graph\">{\"@context\":\"https:\/\/schema.org\",\"@graph\":[{\"@type\":\"WebPage\",\"@id\":\"https:\/\/www.zesartech.com\/es\/maquina-de-fundicion-con-correa\/\",\"url\":\"https:\/\/www.zesartech.com\/es\/maquina-de-fundicion-con-correa\/\",\"name\":\"Maquina de fundici\u00f3n con correa - Zesar\",\"isPartOf\":{\"@id\":\"https:\/\/www.zesartech.com\/es\/#website\"},\"datePublished\":\"2020-10-30T13:45:54+00:00\",\"dateModified\":\"2021-05-16T09:56:55+00:00\",\"breadcrumb\":{\"@id\":\"https:\/\/www.zesartech.com\/es\/maquina-de-fundicion-con-correa\/#breadcrumb\"},\"inLanguage\":\"es\",\"potentialAction\":[{\"@type\":\"ReadAction\",\"target\":[\"https:\/\/www.zesartech.com\/es\/maquina-de-fundicion-con-correa\/\"]}]},{\"@type\":\"BreadcrumbList\",\"@id\":\"https:\/\/www.zesartech.com\/es\/maquina-de-fundicion-con-correa\/#breadcrumb\",\"itemListElement\":[{\"@type\":\"ListItem\",\"position\":1,\"name\":\"Home\",\"item\":\"https:\/\/www.zesartech.com\/es\/\"},{\"@type\":\"ListItem\",\"position\":2,\"name\":\"Productos\",\"item\":\"https:\/\/www.zesartech.com\/es\/shop\/\"},{\"@type\":\"ListItem\",\"position\":3,\"name\":\"Maquina de fundici\u00f3n con correa\"}]},{\"@type\":\"WebSite\",\"@id\":\"https:\/\/www.zesartech.com\/es\/#website\",\"url\":\"https:\/\/www.zesartech.com\/es\/\",\"name\":\"Zesar\",\"description\":\"\",\"potentialAction\":[{\"@type\":\"SearchAction\",\"target\":{\"@type\":\"EntryPoint\",\"urlTemplate\":\"https:\/\/www.zesartech.com\/es\/?s={search_term_string}\"},\"query-input\":\"required name=search_term_string\"}],\"inLanguage\":\"es\"}]}<\/script>\n<!-- \/ Yoast SEO plugin. -->","yoast_head_json":{"title":"Maquina de fundici\u00f3n con correa - Zesar","robots":{"index":"index","follow":"follow","max-snippet":"max-snippet:-1","max-image-preview":"max-image-preview:large","max-video-preview":"max-video-preview:-1"},"canonical":"https:\/\/www.zesartech.com\/es\/maquina-de-fundicion-con-correa\/","og_locale":"es_ES","og_type":"article","og_title":"Maquina de fundici\u00f3n con correa - Zesar","og_description":"[vc_row][vc_column][vc_column_text]La m\u00e1quina de fundici\u00f3n con correa est\u00e1 dise\u00f1ada para procesar bater\u00edas automotrices e industriales. Debido al grosor de los grupos de placas, se puede lograr una tasa de producci\u00f3n de hasta 3 bater\u00edas por minuto.\u00a0 El uso de indexaci\u00f3n giratoria electromec\u00e1nica elimina cualquier retraso debido al impulso del plato giratorio y permite un posicionamiento perfecto.[\/vc_column_text][\/vc_column][\/vc_row][vc_row][vc_column [&hellip;]","og_url":"https:\/\/www.zesartech.com\/es\/maquina-de-fundicion-con-correa\/","og_site_name":"Zesar","article_modified_time":"2021-05-16T09:56:55+00:00","og_image":[{"width":750,"height":497,"url":"https:\/\/www.zesartech.com\/wp-content\/uploads\/2020\/10\/COS-A500-CAST-ON-STRAP-MACHINE-2.jpg","type":"image\/jpeg"}],"twitter_card":"summary_large_image","twitter_misc":{"Tiempo de lectura":"3 minutos"},"schema":{"@context":"https:\/\/schema.org","@graph":[{"@type":"WebPage","@id":"https:\/\/www.zesartech.com\/es\/maquina-de-fundicion-con-correa\/","url":"https:\/\/www.zesartech.com\/es\/maquina-de-fundicion-con-correa\/","name":"Maquina de fundici\u00f3n con correa - Zesar","isPartOf":{"@id":"https:\/\/www.zesartech.com\/es\/#website"},"datePublished":"2020-10-30T13:45:54+00:00","dateModified":"2021-05-16T09:56:55+00:00","breadcrumb":{"@id":"https:\/\/www.zesartech.com\/es\/maquina-de-fundicion-con-correa\/#breadcrumb"},"inLanguage":"es","potentialAction":[{"@type":"ReadAction","target":["https:\/\/www.zesartech.com\/es\/maquina-de-fundicion-con-correa\/"]}]},{"@type":"BreadcrumbList","@id":"https:\/\/www.zesartech.com\/es\/maquina-de-fundicion-con-correa\/#breadcrumb","itemListElement":[{"@type":"ListItem","position":1,"name":"Home","item":"https:\/\/www.zesartech.com\/es\/"},{"@type":"ListItem","position":2,"name":"Productos","item":"https:\/\/www.zesartech.com\/es\/shop\/"},{"@type":"ListItem","position":3,"name":"Maquina de fundici\u00f3n con correa"}]},{"@type":"WebSite","@id":"https:\/\/www.zesartech.com\/es\/#website","url":"https:\/\/www.zesartech.com\/es\/","name":"Zesar","description":"","potentialAction":[{"@type":"SearchAction","target":{"@type":"EntryPoint","urlTemplate":"https:\/\/www.zesartech.com\/es\/?s={search_term_string}"},"query-input":"required name=search_term_string"}],"inLanguage":"es"}]}},"_links":{"self":[{"href":"https:\/\/www.zesartech.com\/es\/wp-json\/wp\/v2\/product\/1098"}],"collection":[{"href":"https:\/\/www.zesartech.com\/es\/wp-json\/wp\/v2\/product"}],"about":[{"href":"https:\/\/www.zesartech.com\/es\/wp-json\/wp\/v2\/types\/product"}],"wp:featuredmedia":[{"embeddable":true,"href":"https:\/\/www.zesartech.com\/es\/wp-json\/wp\/v2\/media\/889"}],"wp:attachment":[{"href":"https:\/\/www.zesartech.com\/es\/wp-json\/wp\/v2\/media?parent=1098"}],"wp:term":[{"taxonomy":"product_cat","embeddable":true,"href":"https:\/\/www.zesartech.com\/es\/wp-json\/wp\/v2\/product_cat?post=1098"},{"taxonomy":"product_tag","embeddable":true,"href":"https:\/\/www.zesartech.com\/es\/wp-json\/wp\/v2\/product_tag?post=1098"}],"curies":[{"name":"wp","href":"https:\/\/api.w.org\/{rel}","templated":true}]}}