{"id":1094,"date":"2020-10-30T13:58:12","date_gmt":"2020-10-30T13:58:12","guid":{"rendered":"https:\/\/www.zesartech.com\/maquina-de-prueba-de-fugas-de-aire\/"},"modified":"2021-05-16T09:39:04","modified_gmt":"2021-05-16T09:39:04","slug":"maquina-de-prueba-de-fugas-de-aire","status":"publish","type":"product","link":"https:\/\/www.zesartech.com\/es\/maquina-de-prueba-de-fugas-de-aire\/","title":{"rendered":"M\u00e1quina de prueba de fugas de aire"},"content":{"rendered":"<p>[vc_row][vc_column][vc_column_text]La m\u00e1quina autom\u00e1tica de prueba de fugas est\u00e1 dise\u00f1ada para probar todo tipo de bater\u00edas automotrices e industriales, hechas de caucho duro o polipropileno, para garantizar que no haya fugas de aire, ya sea en las paredes externas o internas. Como caracter\u00edstica estandarizada, la m\u00e1quina est\u00e1 equipada con una estaci\u00f3n de rechazo y un recolector de bater\u00edas defectuosas.[\/vc_column_text][\/vc_column][\/vc_row][vc_row][vc_column width=\u00bb1\/4&#8243;][\/vc_column][vc_column width=\u00bb1\/2&#8243;][vc_single_image image=\u00bb409&#8243; img_size=\u00bbfull\u00bb][vc_row_inner][vc_column_inner width=\u00bb5\/6&#8243;][vc_column_text]M\u00e1quina de prueba de fugas de aire[\/vc_column_text][\/vc_column_inner][vc_column_inner width=\u00bb1\/6&#8243;][vc_single_image image=\u00bb357&#8243; img_size=\u00bbfull\u00bb onclick=\u00bbcustom_link\u00bb img_link_target=\u00bb_blank\u00bb link=\u00bbhttps:\/\/zesar.com.tr\/wp-content\/uploads\/2020\/10\/ALT-A300-LEAK-TESTER-MACHINE.pdf\u00bb][\/vc_column_inner][\/vc_row_inner][\/vc_column][vc_column width=\u00bb1\/4&#8243;][\/vc_column][\/vc_row][vc_row][vc_column][vc_column_text]<\/p>\n<h3>Caracter\u00edsticas<\/h3>\n<ul>\n<li>Producci\u00f3n eficiente y alta productividad<\/li>\n<li>Hasta 3 bater\u00edas\/minuto<\/li>\n<li>Disponible para trabajar con arreglos de 1\u00d76 y 2\u00d73<\/li>\n<li>Altos est\u00e1ndares de salud, seguridad y medio ambiente<\/li>\n<\/ul>\n<p><strong>M\u00e1quina autom\u00e1tica de prueba de fugas<\/strong> est\u00e1 dise\u00f1ada para probar todo tipo de bater\u00edas de autom\u00f3viles y camiones, fabricadas con caucho duro o polipropileno, para garantizar que no haya fugas de aire, ya sea en las paredes externas o entre celdas. Como equipo de serie, la m\u00e1quina cuenta con una estaci\u00f3n de rechazo y un transportador recolector de bater\u00edas defectuosas.<\/p>\n<ul>\n<li>Disponible para trabajar con dise\u00f1os 1&#215;6 y 2&#215;3<\/li>\n<li>Sistema transportador de cadena<\/li>\n<li>Sistema de retardo de bater\u00eda<\/li>\n<li>F\u00e1cil sistema de centrado de bater\u00eda con fijaciones preajustadas<\/li>\n<li>Alarma de bater\u00eda defectuosa e interfaz de celda defectuosa<\/li>\n<li>Panel del operador con pantalla t\u00e1ctil<\/li>\n<li>Puertas de seguridad de perfil Sigma equipadas con interruptores electr\u00f3nicos seg\u00fan normativa CE<\/li>\n<li>Fijaciones de cambio r\u00e1pido para sondas de prueba<\/li>\n<li>Sensor de presi\u00f3n con precisi\u00f3n de 1 mbar<\/li>\n<li>Tanque de aire de acero inoxidable<\/li>\n<li>Codificaciones lineales para cada eje<\/li>\n<\/ul>\n<h3>Caracter\u00edsticas opcionales<\/h3>\n<ul>\n<li>Cabeza del probador tipo Camina<\/li>\n<li>ALT A600 con 2 cabezales de operaci\u00f3n (capacidad hasta 6 bater\u00edas\/min)<\/li>\n<\/ul>\n<h3>Capacidad<\/h3>\n<ul>\n<li>Hasta 3 bater\u00edas\/minuto<\/li>\n<\/ul>\n<h3>Mano de obra requerida<\/h3>\n<ul>\n<li>Ninguna<\/li>\n<\/ul>\n<h3>Rango operacional<\/h3>\n<ul>\n<li>Ancho de tapa admitido: 125-280 mm<\/li>\n<li>Longitud de la tapa admitida: 196-520 mm<\/li>\n<\/ul>\n<h3>Datos t\u00e9cnicos<\/h3>\n<ul>\n<li><strong>SIEMENS<\/strong> Sistema PLC<\/li>\n<li><strong>FESTO<\/strong> Sistema neum\u00e1tico<\/li>\n<li><strong>Siemens<\/strong> o <strong>Sew Eurodrive <\/strong>Servomotores<\/li>\n<li>Potencia de instalaci\u00f3n: 2kW<\/li>\n<li>Consumo energ\u00eda el\u00e9ctrica: 2kW<\/li>\n<li>Presi\u00f3n de aire: 5-7 bar<\/li>\n<li>Consumo de aire: 20.5 litros\/min.<\/li>\n<li>Presi\u00f3n de prueba: hasta 400 mbar<\/li>\n<li>Color: RAL 5015 (Azul ZESAR)<\/li>\n<\/ul>\n<p>[\/vc_column_text][\/vc_column][\/vc_row]<\/p>\n","protected":false},"excerpt":{"rendered":"<p>[vc_row][vc_column][vc_column_text]La m\u00e1quina autom\u00e1tica de prueba de fugas est\u00e1 dise\u00f1ada para probar todo tipo de bater\u00edas automotrices e industriales, hechas de caucho duro o polipropileno, para garantizar que no haya fugas de aire, ya sea en las paredes externas o internas. Como caracter\u00edstica estandarizada, la m\u00e1quina est\u00e1 equipada con una estaci\u00f3n de rechazo y un recolector [&hellip;]<\/p>\n","protected":false},"featured_media":911,"template":"","meta":[],"product_cat":[46],"product_tag":[],"acf":[],"yoast_head":"<!-- This site is optimized with the Yoast SEO plugin v19.7.1 - https:\/\/yoast.com\/wordpress\/plugins\/seo\/ -->\n<title>M\u00e1quina de prueba de fugas de aire - Zesar<\/title>\n<meta name=\"robots\" content=\"index, follow, max-snippet:-1, max-image-preview:large, max-video-preview:-1\" \/>\n<link rel=\"canonical\" href=\"https:\/\/www.zesartech.com\/es\/maquina-de-prueba-de-fugas-de-aire\/\" \/>\n<meta property=\"og:locale\" content=\"es_ES\" \/>\n<meta property=\"og:type\" content=\"article\" \/>\n<meta property=\"og:title\" content=\"M\u00e1quina de prueba de fugas de aire - Zesar\" \/>\n<meta property=\"og:description\" content=\"[vc_row][vc_column][vc_column_text]La m\u00e1quina autom\u00e1tica de prueba de fugas est\u00e1 dise\u00f1ada para probar todo tipo de bater\u00edas automotrices e industriales, hechas de caucho duro o polipropileno, para garantizar que no haya fugas de aire, ya sea en las paredes externas o internas. Como caracter\u00edstica estandarizada, la m\u00e1quina est\u00e1 equipada con una estaci\u00f3n de rechazo y un recolector [&hellip;]\" \/>\n<meta property=\"og:url\" content=\"https:\/\/www.zesartech.com\/es\/maquina-de-prueba-de-fugas-de-aire\/\" \/>\n<meta property=\"og:site_name\" content=\"Zesar\" \/>\n<meta property=\"article:modified_time\" content=\"2021-05-16T09:39:04+00:00\" \/>\n<meta property=\"og:image\" content=\"https:\/\/www.zesartech.com\/wp-content\/uploads\/2020\/10\/ALT-A300-AIR-LEAKAGE-TEST-MACHINE.jpg\" \/>\n\t<meta property=\"og:image:width\" content=\"750\" \/>\n\t<meta property=\"og:image:height\" content=\"497\" \/>\n\t<meta property=\"og:image:type\" content=\"image\/jpeg\" \/>\n<meta name=\"twitter:card\" content=\"summary_large_image\" \/>\n<meta name=\"twitter:label1\" content=\"Tiempo de lectura\" \/>\n\t<meta name=\"twitter:data1\" content=\"2 minutos\" \/>\n<script type=\"application\/ld+json\" class=\"yoast-schema-graph\">{\"@context\":\"https:\/\/schema.org\",\"@graph\":[{\"@type\":\"WebPage\",\"@id\":\"https:\/\/www.zesartech.com\/es\/maquina-de-prueba-de-fugas-de-aire\/\",\"url\":\"https:\/\/www.zesartech.com\/es\/maquina-de-prueba-de-fugas-de-aire\/\",\"name\":\"M\u00e1quina de prueba de fugas de aire - Zesar\",\"isPartOf\":{\"@id\":\"https:\/\/www.zesartech.com\/es\/#website\"},\"datePublished\":\"2020-10-30T13:58:12+00:00\",\"dateModified\":\"2021-05-16T09:39:04+00:00\",\"breadcrumb\":{\"@id\":\"https:\/\/www.zesartech.com\/es\/maquina-de-prueba-de-fugas-de-aire\/#breadcrumb\"},\"inLanguage\":\"es\",\"potentialAction\":[{\"@type\":\"ReadAction\",\"target\":[\"https:\/\/www.zesartech.com\/es\/maquina-de-prueba-de-fugas-de-aire\/\"]}]},{\"@type\":\"BreadcrumbList\",\"@id\":\"https:\/\/www.zesartech.com\/es\/maquina-de-prueba-de-fugas-de-aire\/#breadcrumb\",\"itemListElement\":[{\"@type\":\"ListItem\",\"position\":1,\"name\":\"Home\",\"item\":\"https:\/\/www.zesartech.com\/es\/\"},{\"@type\":\"ListItem\",\"position\":2,\"name\":\"Productos\",\"item\":\"https:\/\/www.zesartech.com\/es\/shop\/\"},{\"@type\":\"ListItem\",\"position\":3,\"name\":\"M\u00e1quina de prueba de fugas de aire\"}]},{\"@type\":\"WebSite\",\"@id\":\"https:\/\/www.zesartech.com\/es\/#website\",\"url\":\"https:\/\/www.zesartech.com\/es\/\",\"name\":\"Zesar\",\"description\":\"\",\"potentialAction\":[{\"@type\":\"SearchAction\",\"target\":{\"@type\":\"EntryPoint\",\"urlTemplate\":\"https:\/\/www.zesartech.com\/es\/?s={search_term_string}\"},\"query-input\":\"required name=search_term_string\"}],\"inLanguage\":\"es\"}]}<\/script>\n<!-- \/ Yoast SEO plugin. -->","yoast_head_json":{"title":"M\u00e1quina de prueba de fugas de aire - Zesar","robots":{"index":"index","follow":"follow","max-snippet":"max-snippet:-1","max-image-preview":"max-image-preview:large","max-video-preview":"max-video-preview:-1"},"canonical":"https:\/\/www.zesartech.com\/es\/maquina-de-prueba-de-fugas-de-aire\/","og_locale":"es_ES","og_type":"article","og_title":"M\u00e1quina de prueba de fugas de aire - Zesar","og_description":"[vc_row][vc_column][vc_column_text]La m\u00e1quina autom\u00e1tica de prueba de fugas est\u00e1 dise\u00f1ada para probar todo tipo de bater\u00edas automotrices e industriales, hechas de caucho duro o polipropileno, para garantizar que no haya fugas de aire, ya sea en las paredes externas o internas. Como caracter\u00edstica estandarizada, la m\u00e1quina est\u00e1 equipada con una estaci\u00f3n de rechazo y un recolector [&hellip;]","og_url":"https:\/\/www.zesartech.com\/es\/maquina-de-prueba-de-fugas-de-aire\/","og_site_name":"Zesar","article_modified_time":"2021-05-16T09:39:04+00:00","og_image":[{"width":750,"height":497,"url":"https:\/\/www.zesartech.com\/wp-content\/uploads\/2020\/10\/ALT-A300-AIR-LEAKAGE-TEST-MACHINE.jpg","type":"image\/jpeg"}],"twitter_card":"summary_large_image","twitter_misc":{"Tiempo de lectura":"2 minutos"},"schema":{"@context":"https:\/\/schema.org","@graph":[{"@type":"WebPage","@id":"https:\/\/www.zesartech.com\/es\/maquina-de-prueba-de-fugas-de-aire\/","url":"https:\/\/www.zesartech.com\/es\/maquina-de-prueba-de-fugas-de-aire\/","name":"M\u00e1quina de prueba de fugas de aire - Zesar","isPartOf":{"@id":"https:\/\/www.zesartech.com\/es\/#website"},"datePublished":"2020-10-30T13:58:12+00:00","dateModified":"2021-05-16T09:39:04+00:00","breadcrumb":{"@id":"https:\/\/www.zesartech.com\/es\/maquina-de-prueba-de-fugas-de-aire\/#breadcrumb"},"inLanguage":"es","potentialAction":[{"@type":"ReadAction","target":["https:\/\/www.zesartech.com\/es\/maquina-de-prueba-de-fugas-de-aire\/"]}]},{"@type":"BreadcrumbList","@id":"https:\/\/www.zesartech.com\/es\/maquina-de-prueba-de-fugas-de-aire\/#breadcrumb","itemListElement":[{"@type":"ListItem","position":1,"name":"Home","item":"https:\/\/www.zesartech.com\/es\/"},{"@type":"ListItem","position":2,"name":"Productos","item":"https:\/\/www.zesartech.com\/es\/shop\/"},{"@type":"ListItem","position":3,"name":"M\u00e1quina de prueba de fugas de aire"}]},{"@type":"WebSite","@id":"https:\/\/www.zesartech.com\/es\/#website","url":"https:\/\/www.zesartech.com\/es\/","name":"Zesar","description":"","potentialAction":[{"@type":"SearchAction","target":{"@type":"EntryPoint","urlTemplate":"https:\/\/www.zesartech.com\/es\/?s={search_term_string}"},"query-input":"required name=search_term_string"}],"inLanguage":"es"}]}},"_links":{"self":[{"href":"https:\/\/www.zesartech.com\/es\/wp-json\/wp\/v2\/product\/1094"}],"collection":[{"href":"https:\/\/www.zesartech.com\/es\/wp-json\/wp\/v2\/product"}],"about":[{"href":"https:\/\/www.zesartech.com\/es\/wp-json\/wp\/v2\/types\/product"}],"wp:featuredmedia":[{"embeddable":true,"href":"https:\/\/www.zesartech.com\/es\/wp-json\/wp\/v2\/media\/911"}],"wp:attachment":[{"href":"https:\/\/www.zesartech.com\/es\/wp-json\/wp\/v2\/media?parent=1094"}],"wp:term":[{"taxonomy":"product_cat","embeddable":true,"href":"https:\/\/www.zesartech.com\/es\/wp-json\/wp\/v2\/product_cat?post=1094"},{"taxonomy":"product_tag","embeddable":true,"href":"https:\/\/www.zesartech.com\/es\/wp-json\/wp\/v2\/product_tag?post=1094"}],"curies":[{"name":"wp","href":"https:\/\/api.w.org\/{rel}","templated":true}]}}