{"id":1086,"date":"2020-10-30T14:16:20","date_gmt":"2020-10-30T14:16:20","guid":{"rendered":"https:\/\/www.zesartech.com\/maquina-de-llenado-y-nivelacion-del-acido\/"},"modified":"2021-04-19T12:19:42","modified_gmt":"2021-04-19T12:19:42","slug":"maquina-de-llenado-y-nivelacion-del-acido","status":"publish","type":"product","link":"https:\/\/www.zesartech.com\/es\/maquina-de-llenado-y-nivelacion-del-acido\/","title":{"rendered":"M\u00e1quina de llenado y nivelaci\u00f3n del \u00e1cido"},"content":{"rendered":"<p>[vc_row][vc_column][vc_column_text]La m\u00e1quina de llenado y nivelaci\u00f3n de \u00e1cido est\u00e1 dise\u00f1ada para llenar las celdas con la cantidad exacta de \u00e1cido y succionar el exceso de la bater\u00eda. Se utilizan boquillas de dise\u00f1o especial y sensores de fibra para lograr el volumen de llenado y la precisi\u00f3n del nivel final.[\/vc_column_text][\/vc_column][\/vc_row][vc_row][vc_column width=\u00bb1\/4&#8243;][\/vc_column][vc_column width=\u00bb1\/2&#8243;][vc_single_image image=\u00bb439&#8243; img_size=\u00bbfull\u00bb][vc_row_inner][vc_column_inner width=\u00bb2\/3&#8243;][vc_column_text]M\u00e1quina de llenado y nivelaci\u00f3n del \u00e1cido[\/vc_column_text][\/vc_column_inner][vc_column_inner width=\u00bb1\/3&#8243;][vc_single_image image=\u00bb357&#8243; img_size=\u00bbfull\u00bb onclick=\u00bbcustom_link\u00bb img_link_target=\u00bb_blank\u00bb link=\u00bbhttps:\/\/zesar.com.tr\/wp-content\/uploads\/2020\/10\/AFL-A300-ACID-FILLING-LEVELING-MACHINE.pdf\u00bb][\/vc_column_inner][\/vc_row_inner][\/vc_column][vc_column width=\u00bb1\/4&#8243;][\/vc_column][\/vc_row][vc_row][vc_column][vc_column_text]<\/p>\n<h3>Features<\/h3>\n<ul>\n<li>Efficient Production and High Productivity<\/li>\n<li>Auto Sensitive Filling &amp; Leveling System<\/li>\n<li>+-1mm Level accuracy with fiber optic sensors<\/li>\n<li>Up to 5 batteries per \/minute<\/li>\n<li>High Standards for Health, Safety and Environment<\/li>\n<\/ul>\n<p><strong>Acid filling and leveling machine<\/strong> is designed to fill the accurate amount of acid into the cells and suck back the exceeded acid from the battery. Special designed nozzles and fiber optic sensors are used to achieve filling volume and final level accuracy.<\/p>\n<ul>\n<li>Special designed nozzles for filling and leveling<\/li>\n<li>Venturi system acid leveling<\/li>\n<li>Heavy duty acid pump<\/li>\n<li>Level controlled and filtering system in acid tank<\/li>\n<li>+-1% Filling volume accuracy<\/li>\n<li>+-1mm final level accuracy<\/li>\n<li>316L stainless steel structure<\/li>\n<li>PP Conveyor belt with adjustable battery guide and stop system<\/li>\n<\/ul>\n<h3>Optional Features<\/h3>\n<ul>\n<li>Acid level control system as an additional station<\/li>\n<li>AFL A600 with 2 operation heads (Capacity up to 10 batteries\/min)<\/li>\n<li>AFM A300 with 1 operation head for filling only before the charging process with less leveling accuracy<\/li>\n<li>AFM A600 with 2 operation heads for filling only before the charging process with less leveling accuracy<\/li>\n<\/ul>\n<h3>Capacity<\/h3>\n<ul>\n<li>Up to 5 batteries \/ minute<\/li>\n<\/ul>\n<h3>Required Labor<\/h3>\n<ul>\n<li>None<\/li>\n<\/ul>\n<h3>Operational Range<\/h3>\n<ul>\n<li>For all type of automotive and truck batteries<\/li>\n<\/ul>\n<h3>Technical Data<\/h3>\n<ul>\n<li><strong>Siemens<\/strong>\u00a0PLC system<\/li>\n<li><strong>Festo<\/strong> Pneumatic System<\/li>\n<li><strong>Siemens<\/strong>\u00a0or <strong>Sew Eurodrive<\/strong>\u00a0Servo Motors<\/li>\n<li>Installation Power : 1kW<\/li>\n<li>Electrical Power Consumption : 1 kW<\/li>\n<li>Air Pressure : 5-7 bar<\/li>\n<li>Air Consumption : 4,6 litres\/min<\/li>\n<li>Color : Stainless Steel<\/li>\n<\/ul>\n<p>[\/vc_column_text][\/vc_column][\/vc_row]<\/p>\n","protected":false},"excerpt":{"rendered":"<p>[vc_row][vc_column][vc_column_text]La m\u00e1quina de llenado y nivelaci\u00f3n de \u00e1cido est\u00e1 dise\u00f1ada para llenar las celdas con la cantidad exacta de \u00e1cido y succionar el exceso de la bater\u00eda. Se utilizan boquillas de dise\u00f1o especial y sensores de fibra para lograr el volumen de llenado y la precisi\u00f3n del nivel final.[\/vc_column_text][\/vc_column][\/vc_row][vc_row][vc_column width=\u00bb1\/4&#8243;][\/vc_column][vc_column width=\u00bb1\/2&#8243;][vc_single_image image=\u00bb439&#8243; img_size=\u00bbfull\u00bb][vc_row_inner][vc_column_inner width=\u00bb2\/3&#8243;][vc_column_text]M\u00e1quina de [&hellip;]<\/p>\n","protected":false},"featured_media":941,"template":"","meta":[],"product_cat":[48],"product_tag":[],"acf":[],"yoast_head":"<!-- This site is optimized with the Yoast SEO plugin v19.7.1 - https:\/\/yoast.com\/wordpress\/plugins\/seo\/ -->\n<title>M\u00e1quina de llenado y nivelaci\u00f3n del \u00e1cido - Zesar<\/title>\n<meta name=\"robots\" content=\"index, follow, max-snippet:-1, max-image-preview:large, max-video-preview:-1\" \/>\n<link rel=\"canonical\" href=\"https:\/\/www.zesartech.com\/es\/maquina-de-llenado-y-nivelacion-del-acido\/\" \/>\n<meta property=\"og:locale\" content=\"es_ES\" \/>\n<meta property=\"og:type\" content=\"article\" \/>\n<meta property=\"og:title\" content=\"M\u00e1quina de llenado y nivelaci\u00f3n del \u00e1cido - Zesar\" \/>\n<meta property=\"og:description\" content=\"[vc_row][vc_column][vc_column_text]La m\u00e1quina de llenado y nivelaci\u00f3n de \u00e1cido est\u00e1 dise\u00f1ada para llenar las celdas con la cantidad exacta de \u00e1cido y succionar el exceso de la bater\u00eda. Se utilizan boquillas de dise\u00f1o especial y sensores de fibra para lograr el volumen de llenado y la precisi\u00f3n del nivel final.[\/vc_column_text][\/vc_column][\/vc_row][vc_row][vc_column width=\u00bb1\/4&#8243;][\/vc_column][vc_column width=\u00bb1\/2&#8243;][vc_single_image image=\u00bb439&#8243; img_size=\u00bbfull\u00bb][vc_row_inner][vc_column_inner width=\u00bb2\/3&#8243;][vc_column_text]M\u00e1quina de [&hellip;]\" \/>\n<meta property=\"og:url\" content=\"https:\/\/www.zesartech.com\/es\/maquina-de-llenado-y-nivelacion-del-acido\/\" \/>\n<meta property=\"og:site_name\" content=\"Zesar\" \/>\n<meta property=\"article:modified_time\" content=\"2021-04-19T12:19:42+00:00\" \/>\n<meta property=\"og:image\" content=\"https:\/\/www.zesartech.com\/wp-content\/uploads\/2020\/10\/101-AFMA300.jpg\" \/>\n\t<meta property=\"og:image:width\" content=\"750\" \/>\n\t<meta property=\"og:image:height\" content=\"449\" \/>\n\t<meta property=\"og:image:type\" content=\"image\/jpeg\" \/>\n<meta name=\"twitter:card\" content=\"summary_large_image\" \/>\n<meta name=\"twitter:label1\" content=\"Tiempo de lectura\" \/>\n\t<meta name=\"twitter:data1\" content=\"2 minutos\" \/>\n<script type=\"application\/ld+json\" class=\"yoast-schema-graph\">{\"@context\":\"https:\/\/schema.org\",\"@graph\":[{\"@type\":\"WebPage\",\"@id\":\"https:\/\/www.zesartech.com\/es\/maquina-de-llenado-y-nivelacion-del-acido\/\",\"url\":\"https:\/\/www.zesartech.com\/es\/maquina-de-llenado-y-nivelacion-del-acido\/\",\"name\":\"M\u00e1quina de llenado y nivelaci\u00f3n del \u00e1cido - Zesar\",\"isPartOf\":{\"@id\":\"https:\/\/www.zesartech.com\/es\/#website\"},\"datePublished\":\"2020-10-30T14:16:20+00:00\",\"dateModified\":\"2021-04-19T12:19:42+00:00\",\"breadcrumb\":{\"@id\":\"https:\/\/www.zesartech.com\/es\/maquina-de-llenado-y-nivelacion-del-acido\/#breadcrumb\"},\"inLanguage\":\"es\",\"potentialAction\":[{\"@type\":\"ReadAction\",\"target\":[\"https:\/\/www.zesartech.com\/es\/maquina-de-llenado-y-nivelacion-del-acido\/\"]}]},{\"@type\":\"BreadcrumbList\",\"@id\":\"https:\/\/www.zesartech.com\/es\/maquina-de-llenado-y-nivelacion-del-acido\/#breadcrumb\",\"itemListElement\":[{\"@type\":\"ListItem\",\"position\":1,\"name\":\"Home\",\"item\":\"https:\/\/www.zesartech.com\/es\/\"},{\"@type\":\"ListItem\",\"position\":2,\"name\":\"Productos\",\"item\":\"https:\/\/www.zesartech.com\/es\/shop\/\"},{\"@type\":\"ListItem\",\"position\":3,\"name\":\"M\u00e1quina de llenado y nivelaci\u00f3n del \u00e1cido\"}]},{\"@type\":\"WebSite\",\"@id\":\"https:\/\/www.zesartech.com\/es\/#website\",\"url\":\"https:\/\/www.zesartech.com\/es\/\",\"name\":\"Zesar\",\"description\":\"\",\"potentialAction\":[{\"@type\":\"SearchAction\",\"target\":{\"@type\":\"EntryPoint\",\"urlTemplate\":\"https:\/\/www.zesartech.com\/es\/?s={search_term_string}\"},\"query-input\":\"required name=search_term_string\"}],\"inLanguage\":\"es\"}]}<\/script>\n<!-- \/ Yoast SEO plugin. -->","yoast_head_json":{"title":"M\u00e1quina de llenado y nivelaci\u00f3n del \u00e1cido - Zesar","robots":{"index":"index","follow":"follow","max-snippet":"max-snippet:-1","max-image-preview":"max-image-preview:large","max-video-preview":"max-video-preview:-1"},"canonical":"https:\/\/www.zesartech.com\/es\/maquina-de-llenado-y-nivelacion-del-acido\/","og_locale":"es_ES","og_type":"article","og_title":"M\u00e1quina de llenado y nivelaci\u00f3n del \u00e1cido - Zesar","og_description":"[vc_row][vc_column][vc_column_text]La m\u00e1quina de llenado y nivelaci\u00f3n de \u00e1cido est\u00e1 dise\u00f1ada para llenar las celdas con la cantidad exacta de \u00e1cido y succionar el exceso de la bater\u00eda. Se utilizan boquillas de dise\u00f1o especial y sensores de fibra para lograr el volumen de llenado y la precisi\u00f3n del nivel final.[\/vc_column_text][\/vc_column][\/vc_row][vc_row][vc_column width=\u00bb1\/4&#8243;][\/vc_column][vc_column width=\u00bb1\/2&#8243;][vc_single_image image=\u00bb439&#8243; img_size=\u00bbfull\u00bb][vc_row_inner][vc_column_inner width=\u00bb2\/3&#8243;][vc_column_text]M\u00e1quina de [&hellip;]","og_url":"https:\/\/www.zesartech.com\/es\/maquina-de-llenado-y-nivelacion-del-acido\/","og_site_name":"Zesar","article_modified_time":"2021-04-19T12:19:42+00:00","og_image":[{"width":750,"height":449,"url":"https:\/\/www.zesartech.com\/wp-content\/uploads\/2020\/10\/101-AFMA300.jpg","type":"image\/jpeg"}],"twitter_card":"summary_large_image","twitter_misc":{"Tiempo de lectura":"2 minutos"},"schema":{"@context":"https:\/\/schema.org","@graph":[{"@type":"WebPage","@id":"https:\/\/www.zesartech.com\/es\/maquina-de-llenado-y-nivelacion-del-acido\/","url":"https:\/\/www.zesartech.com\/es\/maquina-de-llenado-y-nivelacion-del-acido\/","name":"M\u00e1quina de llenado y nivelaci\u00f3n del \u00e1cido - Zesar","isPartOf":{"@id":"https:\/\/www.zesartech.com\/es\/#website"},"datePublished":"2020-10-30T14:16:20+00:00","dateModified":"2021-04-19T12:19:42+00:00","breadcrumb":{"@id":"https:\/\/www.zesartech.com\/es\/maquina-de-llenado-y-nivelacion-del-acido\/#breadcrumb"},"inLanguage":"es","potentialAction":[{"@type":"ReadAction","target":["https:\/\/www.zesartech.com\/es\/maquina-de-llenado-y-nivelacion-del-acido\/"]}]},{"@type":"BreadcrumbList","@id":"https:\/\/www.zesartech.com\/es\/maquina-de-llenado-y-nivelacion-del-acido\/#breadcrumb","itemListElement":[{"@type":"ListItem","position":1,"name":"Home","item":"https:\/\/www.zesartech.com\/es\/"},{"@type":"ListItem","position":2,"name":"Productos","item":"https:\/\/www.zesartech.com\/es\/shop\/"},{"@type":"ListItem","position":3,"name":"M\u00e1quina de llenado y nivelaci\u00f3n del \u00e1cido"}]},{"@type":"WebSite","@id":"https:\/\/www.zesartech.com\/es\/#website","url":"https:\/\/www.zesartech.com\/es\/","name":"Zesar","description":"","potentialAction":[{"@type":"SearchAction","target":{"@type":"EntryPoint","urlTemplate":"https:\/\/www.zesartech.com\/es\/?s={search_term_string}"},"query-input":"required name=search_term_string"}],"inLanguage":"es"}]}},"_links":{"self":[{"href":"https:\/\/www.zesartech.com\/es\/wp-json\/wp\/v2\/product\/1086"}],"collection":[{"href":"https:\/\/www.zesartech.com\/es\/wp-json\/wp\/v2\/product"}],"about":[{"href":"https:\/\/www.zesartech.com\/es\/wp-json\/wp\/v2\/types\/product"}],"wp:featuredmedia":[{"embeddable":true,"href":"https:\/\/www.zesartech.com\/es\/wp-json\/wp\/v2\/media\/941"}],"wp:attachment":[{"href":"https:\/\/www.zesartech.com\/es\/wp-json\/wp\/v2\/media?parent=1086"}],"wp:term":[{"taxonomy":"product_cat","embeddable":true,"href":"https:\/\/www.zesartech.com\/es\/wp-json\/wp\/v2\/product_cat?post=1086"},{"taxonomy":"product_tag","embeddable":true,"href":"https:\/\/www.zesartech.com\/es\/wp-json\/wp\/v2\/product_tag?post=1086"}],"curies":[{"name":"wp","href":"https:\/\/api.w.org\/{rel}","templated":true}]}}