{"id":1067,"date":"2020-10-30T14:18:11","date_gmt":"2020-10-30T14:18:11","guid":{"rendered":"https:\/\/www.zesartech.com\/segunda-maquina-termosoldadora\/"},"modified":"2021-05-16T07:46:16","modified_gmt":"2021-05-16T07:46:16","slug":"segunda-maquina-termosoldadora","status":"publish","type":"product","link":"https:\/\/www.zesartech.com\/es\/segunda-maquina-termosoldadora\/","title":{"rendered":"Segunda m\u00e1quina termosoldadora"},"content":{"rendered":"<p>[vc_row][vc_column][vc_column_text]La m\u00e1quina de termosellado, que es completamente autom\u00e1tica, est\u00e1 dise\u00f1ada para sellar la segunda y la principal cubierta de la bater\u00eda. Todos los ajustes de posici\u00f3n, temperaturas y tiempos de la m\u00e1quina se almacenan de forma segura y se puede acceder a ellos desde las funciones de recuperaci\u00f3n[\/vc_column_text][\/vc_column][\/vc_row][vc_row][vc_column][vc_single_image image=\u00bb443&#8243; img_size=\u00bbfull\u00bb][vc_row_inner][vc_column_inner width=\u00bb5\/6&#8243;][vc_column_text]HTS MF60 &#8211; M\u00e1quina termoselladora de segunda tapa[\/vc_column_text][\/vc_column_inner][vc_column_inner width=\u00bb1\/6&#8243;][vc_single_image image=\u00bb357&#8243; img_size=\u00bbfull\u00bb onclick=\u00bbcustom_link\u00bb img_link_target=\u00bb_blank\u00bb link=\u00bbhttps:\/\/zesar.com.tr\/wp-content\/uploads\/2020\/10\/HTS-MF60-SECOND-LID-HEAT-SEALING-MACHINE.pdf\u00bb][\/vc_column_inner][\/vc_row_inner][\/vc_column][\/vc_row][vc_row][vc_column][vc_column_text]<\/p>\n<h3>Caracter\u00edsticas<\/h3>\n<ul>\n<li>Producci\u00f3n eficiente y alta productividad<\/li>\n<li>Hasta 6 bater\u00edas\/minuto<\/li>\n<li>Disponible para trabajar con arreglos de 1\u00d76 y 2\u00d73<\/li>\n<li>Altos est\u00e1ndares de salud, seguridad y medio ambiente<\/li>\n<\/ul>\n<p><strong>M\u00e1quina de sellado completamente autom\u00e1tica<\/strong> est\u00e1 dise\u00f1ada para sellar la segunda tapa a la tapa principal de la bater\u00eda. Todos los ajustes de posici\u00f3n, temperaturas y tiempos de la maquinaria se almacenan de forma segura y se puede acceder a ellos desde las funciones de recuperaci\u00f3n de recetas.<\/p>\n<ul>\n<li>Dos cabezales de operaci\u00f3n, ambos cabezales pueden funcionar por separado o juntos<\/li>\n<li>Sistema de retardo de bater\u00eda<\/li>\n<li>Sistema neum\u00e1tico avanzado de fijaci\u00f3n de molde<\/li>\n<li>F\u00e1cil sistema de centrado de bater\u00eda con fijaciones preajustadas<\/li>\n<li>Placa calefactora de fundici\u00f3n especial para un calor homog\u00e9neo y molde de acero inoxidable para una operaci\u00f3n de larga duraci\u00f3n<\/li>\n<li>Servomotores para el soporte de la tapa y el control del calentador<\/li>\n<li>Porta tapas con succi\u00f3n al vac\u00edo<\/li>\n<li>Panel del operador con pantalla t\u00e1ctil<\/li>\n<li>F\u00e1cil sistema de cambio<\/li>\n<li>Estructura de acero inoxidable y sistema de transporte<\/li>\n<li>Alarma de falla para calentadores con interfaz de calentador defectuosa<\/li>\n<li>Puertas de seguridad transparentes con interruptor de seguridad seg\u00fan normativa CE<\/li>\n<li>Modo de espera autom\u00e1tico en sistema transportador dentro del tiempo ajustado si no hay bater\u00eda en \u00e9l<\/li>\n<li>El modo de transferencia est\u00e1 disponible si no hay una bater\u00eda MF en producci\u00f3n<\/li>\n<li>Referencia del sellador a partir de la primera tapa, no desde la caja para asegurar un sellado preciso<\/li>\n<li>Sistema de enfriamiento para evitar el da\u00f1o de las tapas durante el derretimiento.<\/li>\n<\/ul>\n<h3>Caracter\u00edsticas opcionales<\/h3>\n<ul>\n<li>Precalentamiento para placa calefactora<\/li>\n<li>HTS MF30 con 1 cabezal de operaci\u00f3n (capacidad hasta 3 bater\u00edas\/min)<\/li>\n<li>HTS MF90 con 3 cabezales de operaci\u00f3n (capacidad hasta 9 bater\u00edas\/min)<\/li>\n<\/ul>\n<h3>Capacidad<\/h3>\n<ul>\n<li>Hasta 6 bater\u00edas\/minuto<\/li>\n<\/ul>\n<h3>Mano de obra requerida<\/h3>\n<ul>\n<li>Ninguna<\/li>\n<\/ul>\n<p><strong>Rango operacional<\/strong><\/p>\n<ul>\n<li>Ancho de tapa admitido: 125-280 mm<\/li>\n<li>Longitud de la tapa admitida: 196-520 mm<\/li>\n<\/ul>\n<h3>Datos t\u00e9cnicos<\/h3>\n<ul>\n<li><strong>SIEMENS<\/strong> Sistema PLC<\/li>\n<li><strong>FESTO<\/strong> Sistema neum\u00e1tico<\/li>\n<li><strong>Siemens<\/strong> o <strong>Sew Eurodrive<\/strong> Servomotores<\/li>\n<li>Potencia de instalaci\u00f3n: 17 kW<\/li>\n<li>Consumo de energ\u00eda el\u00e9ctrica: 17 kW<\/li>\n<li>Presi\u00f3n de aire: 5-7 bar<\/li>\n<li>Consumo de aire: 138 litros\/minuto<\/li>\n<li>Resistencia del molde: 1 kWx12 piezas<\/li>\n<li>Color: acero inoxidable<\/li>\n<\/ul>\n<p>[\/vc_column_text][\/vc_column][\/vc_row]<\/p>\n","protected":false},"excerpt":{"rendered":"<p>[vc_row][vc_column][vc_column_text]La m\u00e1quina de termosellado, que es completamente autom\u00e1tica, est\u00e1 dise\u00f1ada para sellar la segunda y la principal cubierta de la bater\u00eda. Todos los ajustes de posici\u00f3n, temperaturas y tiempos de la m\u00e1quina se almacenan de forma segura y se puede acceder a ellos desde las funciones de recuperaci\u00f3n[\/vc_column_text][\/vc_column][\/vc_row][vc_row][vc_column][vc_single_image image=\u00bb443&#8243; img_size=\u00bbfull\u00bb][vc_row_inner][vc_column_inner width=\u00bb5\/6&#8243;][vc_column_text]HTS MF60 &#8211; M\u00e1quina termoselladora [&hellip;]<\/p>\n","protected":false},"featured_media":959,"template":"","meta":[],"product_cat":[48],"product_tag":[],"acf":[],"yoast_head":"<!-- This site is optimized with the Yoast SEO plugin v19.7.1 - https:\/\/yoast.com\/wordpress\/plugins\/seo\/ -->\n<title>Segunda m\u00e1quina termosoldadora - Zesar<\/title>\n<meta name=\"robots\" content=\"index, follow, max-snippet:-1, max-image-preview:large, max-video-preview:-1\" \/>\n<link rel=\"canonical\" href=\"https:\/\/www.zesartech.com\/es\/segunda-maquina-termosoldadora\/\" \/>\n<meta property=\"og:locale\" content=\"es_ES\" \/>\n<meta property=\"og:type\" content=\"article\" \/>\n<meta property=\"og:title\" content=\"Segunda m\u00e1quina termosoldadora - Zesar\" \/>\n<meta property=\"og:description\" content=\"[vc_row][vc_column][vc_column_text]La m\u00e1quina de termosellado, que es completamente autom\u00e1tica, est\u00e1 dise\u00f1ada para sellar la segunda y la principal cubierta de la bater\u00eda. Todos los ajustes de posici\u00f3n, temperaturas y tiempos de la m\u00e1quina se almacenan de forma segura y se puede acceder a ellos desde las funciones de recuperaci\u00f3n[\/vc_column_text][\/vc_column][\/vc_row][vc_row][vc_column][vc_single_image image=\u00bb443&#8243; img_size=\u00bbfull\u00bb][vc_row_inner][vc_column_inner width=\u00bb5\/6&#8243;][vc_column_text]HTS MF60 &#8211; M\u00e1quina termoselladora [&hellip;]\" \/>\n<meta property=\"og:url\" content=\"https:\/\/www.zesartech.com\/es\/segunda-maquina-termosoldadora\/\" \/>\n<meta property=\"og:site_name\" content=\"Zesar\" \/>\n<meta property=\"article:modified_time\" content=\"2021-05-16T07:46:16+00:00\" \/>\n<meta property=\"og:image\" content=\"https:\/\/www.zesartech.com\/wp-content\/uploads\/2020\/10\/HTS-MF60-SECOND-LID-HEAT-SEALING-MACHINE.jpg\" \/>\n\t<meta property=\"og:image:width\" content=\"750\" \/>\n\t<meta property=\"og:image:height\" content=\"497\" \/>\n\t<meta property=\"og:image:type\" content=\"image\/jpeg\" \/>\n<meta name=\"twitter:card\" content=\"summary_large_image\" \/>\n<meta name=\"twitter:label1\" content=\"Tiempo de lectura\" \/>\n\t<meta name=\"twitter:data1\" content=\"2 minutos\" \/>\n<script type=\"application\/ld+json\" class=\"yoast-schema-graph\">{\"@context\":\"https:\/\/schema.org\",\"@graph\":[{\"@type\":\"WebPage\",\"@id\":\"https:\/\/www.zesartech.com\/es\/segunda-maquina-termosoldadora\/\",\"url\":\"https:\/\/www.zesartech.com\/es\/segunda-maquina-termosoldadora\/\",\"name\":\"Segunda m\u00e1quina termosoldadora - Zesar\",\"isPartOf\":{\"@id\":\"https:\/\/www.zesartech.com\/es\/#website\"},\"datePublished\":\"2020-10-30T14:18:11+00:00\",\"dateModified\":\"2021-05-16T07:46:16+00:00\",\"breadcrumb\":{\"@id\":\"https:\/\/www.zesartech.com\/es\/segunda-maquina-termosoldadora\/#breadcrumb\"},\"inLanguage\":\"es\",\"potentialAction\":[{\"@type\":\"ReadAction\",\"target\":[\"https:\/\/www.zesartech.com\/es\/segunda-maquina-termosoldadora\/\"]}]},{\"@type\":\"BreadcrumbList\",\"@id\":\"https:\/\/www.zesartech.com\/es\/segunda-maquina-termosoldadora\/#breadcrumb\",\"itemListElement\":[{\"@type\":\"ListItem\",\"position\":1,\"name\":\"Home\",\"item\":\"https:\/\/www.zesartech.com\/es\/\"},{\"@type\":\"ListItem\",\"position\":2,\"name\":\"Productos\",\"item\":\"https:\/\/www.zesartech.com\/es\/shop\/\"},{\"@type\":\"ListItem\",\"position\":3,\"name\":\"Segunda m\u00e1quina termosoldadora\"}]},{\"@type\":\"WebSite\",\"@id\":\"https:\/\/www.zesartech.com\/es\/#website\",\"url\":\"https:\/\/www.zesartech.com\/es\/\",\"name\":\"Zesar\",\"description\":\"\",\"potentialAction\":[{\"@type\":\"SearchAction\",\"target\":{\"@type\":\"EntryPoint\",\"urlTemplate\":\"https:\/\/www.zesartech.com\/es\/?s={search_term_string}\"},\"query-input\":\"required name=search_term_string\"}],\"inLanguage\":\"es\"}]}<\/script>\n<!-- \/ Yoast SEO plugin. -->","yoast_head_json":{"title":"Segunda m\u00e1quina termosoldadora - Zesar","robots":{"index":"index","follow":"follow","max-snippet":"max-snippet:-1","max-image-preview":"max-image-preview:large","max-video-preview":"max-video-preview:-1"},"canonical":"https:\/\/www.zesartech.com\/es\/segunda-maquina-termosoldadora\/","og_locale":"es_ES","og_type":"article","og_title":"Segunda m\u00e1quina termosoldadora - Zesar","og_description":"[vc_row][vc_column][vc_column_text]La m\u00e1quina de termosellado, que es completamente autom\u00e1tica, est\u00e1 dise\u00f1ada para sellar la segunda y la principal cubierta de la bater\u00eda. Todos los ajustes de posici\u00f3n, temperaturas y tiempos de la m\u00e1quina se almacenan de forma segura y se puede acceder a ellos desde las funciones de recuperaci\u00f3n[\/vc_column_text][\/vc_column][\/vc_row][vc_row][vc_column][vc_single_image image=\u00bb443&#8243; img_size=\u00bbfull\u00bb][vc_row_inner][vc_column_inner width=\u00bb5\/6&#8243;][vc_column_text]HTS MF60 &#8211; M\u00e1quina termoselladora [&hellip;]","og_url":"https:\/\/www.zesartech.com\/es\/segunda-maquina-termosoldadora\/","og_site_name":"Zesar","article_modified_time":"2021-05-16T07:46:16+00:00","og_image":[{"width":750,"height":497,"url":"https:\/\/www.zesartech.com\/wp-content\/uploads\/2020\/10\/HTS-MF60-SECOND-LID-HEAT-SEALING-MACHINE.jpg","type":"image\/jpeg"}],"twitter_card":"summary_large_image","twitter_misc":{"Tiempo de lectura":"2 minutos"},"schema":{"@context":"https:\/\/schema.org","@graph":[{"@type":"WebPage","@id":"https:\/\/www.zesartech.com\/es\/segunda-maquina-termosoldadora\/","url":"https:\/\/www.zesartech.com\/es\/segunda-maquina-termosoldadora\/","name":"Segunda m\u00e1quina termosoldadora - Zesar","isPartOf":{"@id":"https:\/\/www.zesartech.com\/es\/#website"},"datePublished":"2020-10-30T14:18:11+00:00","dateModified":"2021-05-16T07:46:16+00:00","breadcrumb":{"@id":"https:\/\/www.zesartech.com\/es\/segunda-maquina-termosoldadora\/#breadcrumb"},"inLanguage":"es","potentialAction":[{"@type":"ReadAction","target":["https:\/\/www.zesartech.com\/es\/segunda-maquina-termosoldadora\/"]}]},{"@type":"BreadcrumbList","@id":"https:\/\/www.zesartech.com\/es\/segunda-maquina-termosoldadora\/#breadcrumb","itemListElement":[{"@type":"ListItem","position":1,"name":"Home","item":"https:\/\/www.zesartech.com\/es\/"},{"@type":"ListItem","position":2,"name":"Productos","item":"https:\/\/www.zesartech.com\/es\/shop\/"},{"@type":"ListItem","position":3,"name":"Segunda m\u00e1quina termosoldadora"}]},{"@type":"WebSite","@id":"https:\/\/www.zesartech.com\/es\/#website","url":"https:\/\/www.zesartech.com\/es\/","name":"Zesar","description":"","potentialAction":[{"@type":"SearchAction","target":{"@type":"EntryPoint","urlTemplate":"https:\/\/www.zesartech.com\/es\/?s={search_term_string}"},"query-input":"required name=search_term_string"}],"inLanguage":"es"}]}},"_links":{"self":[{"href":"https:\/\/www.zesartech.com\/es\/wp-json\/wp\/v2\/product\/1067"}],"collection":[{"href":"https:\/\/www.zesartech.com\/es\/wp-json\/wp\/v2\/product"}],"about":[{"href":"https:\/\/www.zesartech.com\/es\/wp-json\/wp\/v2\/types\/product"}],"wp:featuredmedia":[{"embeddable":true,"href":"https:\/\/www.zesartech.com\/es\/wp-json\/wp\/v2\/media\/959"}],"wp:attachment":[{"href":"https:\/\/www.zesartech.com\/es\/wp-json\/wp\/v2\/media?parent=1067"}],"wp:term":[{"taxonomy":"product_cat","embeddable":true,"href":"https:\/\/www.zesartech.com\/es\/wp-json\/wp\/v2\/product_cat?post=1067"},{"taxonomy":"product_tag","embeddable":true,"href":"https:\/\/www.zesartech.com\/es\/wp-json\/wp\/v2\/product_tag?post=1067"}],"curies":[{"name":"wp","href":"https:\/\/api.w.org\/{rel}","templated":true}]}}