{"id":1057,"date":"2020-10-30T13:59:53","date_gmt":"2020-10-30T13:59:53","guid":{"rendered":"https:\/\/www.zesartech.com\/maquina-de-quema-de-terminales\/"},"modified":"2021-05-03T11:38:23","modified_gmt":"2021-05-03T11:38:23","slug":"maquina-de-quema-de-terminales","status":"publish","type":"product","link":"https:\/\/www.zesartech.com\/es\/maquina-de-quema-de-terminales\/","title":{"rendered":"M\u00e1quina de quema de terminales"},"content":{"rendered":"<p>[vc_row][vc_column][vc_column_text]La m\u00e1quina de quemado de terminales est\u00e1 dise\u00f1ada para unir los pilares de la terminal de la bater\u00eda y los casquillos de la tapa al quemarlo bajo condiciones de operaci\u00f3n precisamente controladas. La m\u00e1quina utiliza dos sondas de metal caliente para quemar los pilares de los terminales por completo y la superficie interior de la tapa. Mientras no est\u00e1 en funcionamiento, las llamas piloto mantienen las sondas calientes y las antorchas se activan autom\u00e1ticamente antes de quemar. Los cabezales de quemadores y moldes enfriados por agua proporcionan una profundidad de quemado controlada y una altura de poste constante.[\/vc_column_text][\/vc_column][\/vc_row][vc_row][vc_column width=\u00bb1\/2&#8243;][vc_single_image image=\u00bb412&#8243; img_size=\u00bbfull\u00bb][vc_row_inner][vc_column_inner width=\u00bb5\/6&#8243;][vc_column_text]TRB-A300 M\u00e1quina de quema de terminales[\/vc_column_text][\/vc_column_inner][vc_column_inner width=\u00bb1\/6&#8243;][\/vc_column_inner][\/vc_row_inner][\/vc_column][vc_column width=\u00bb1\/2&#8243;][vc_single_image image=\u00bb413&#8243; img_size=\u00bbfull\u00bb][vc_row_inner][vc_column_inner width=\u00bb5\/6&#8243;][vc_column_text]TRB A600 M\u00e1quina de quema de terminales[\/vc_column_text][\/vc_column_inner][vc_column_inner width=\u00bb1\/6&#8243;][vc_single_image image=\u00bb357&#8243; img_size=\u00bbfull\u00bb onclick=\u00bbcustom_link\u00bb img_link_target=\u00bb_blank\u00bb link=\u00bbhttps:\/\/zesar.com.tr\/wp-content\/uploads\/2020\/10\/TRB-A600-TERMINAL-BURNING-MACHINE.pdf\u00bb][\/vc_column_inner][\/vc_row_inner][\/vc_column][\/vc_row]<\/p>\n","protected":false},"excerpt":{"rendered":"<p>[vc_row][vc_column][vc_column_text]La m\u00e1quina de quemado de terminales est\u00e1 dise\u00f1ada para unir los pilares de la terminal de la bater\u00eda y los casquillos de la tapa al quemarlo bajo condiciones de operaci\u00f3n precisamente controladas. La m\u00e1quina utiliza dos sondas de metal caliente para quemar los pilares de los terminales por completo y la superficie interior de la [&hellip;]<\/p>\n","protected":false},"featured_media":915,"template":"","meta":[],"product_cat":[46],"product_tag":[],"acf":[],"yoast_head":"<!-- This site is optimized with the Yoast SEO plugin v19.7.1 - https:\/\/yoast.com\/wordpress\/plugins\/seo\/ -->\n<title>M\u00e1quina de quema de terminales - Zesar<\/title>\n<meta name=\"robots\" content=\"index, follow, max-snippet:-1, max-image-preview:large, max-video-preview:-1\" \/>\n<link rel=\"canonical\" href=\"https:\/\/www.zesartech.com\/es\/maquina-de-quema-de-terminales\/\" \/>\n<meta property=\"og:locale\" content=\"es_ES\" \/>\n<meta property=\"og:type\" content=\"article\" \/>\n<meta property=\"og:title\" content=\"M\u00e1quina de quema de terminales - Zesar\" \/>\n<meta property=\"og:description\" content=\"[vc_row][vc_column][vc_column_text]La m\u00e1quina de quemado de terminales est\u00e1 dise\u00f1ada para unir los pilares de la terminal de la bater\u00eda y los casquillos de la tapa al quemarlo bajo condiciones de operaci\u00f3n precisamente controladas. La m\u00e1quina utiliza dos sondas de metal caliente para quemar los pilares de los terminales por completo y la superficie interior de la [&hellip;]\" \/>\n<meta property=\"og:url\" content=\"https:\/\/www.zesartech.com\/es\/maquina-de-quema-de-terminales\/\" \/>\n<meta property=\"og:site_name\" content=\"Zesar\" \/>\n<meta property=\"article:modified_time\" content=\"2021-05-03T11:38:23+00:00\" \/>\n<meta property=\"og:image\" content=\"https:\/\/www.zesartech.com\/wp-content\/uploads\/2020\/10\/TRB-A300-TERMINAL-BURNING-MACHINE.jpg\" \/>\n\t<meta property=\"og:image:width\" content=\"750\" \/>\n\t<meta property=\"og:image:height\" content=\"497\" \/>\n\t<meta property=\"og:image:type\" content=\"image\/jpeg\" \/>\n<meta name=\"twitter:card\" content=\"summary_large_image\" \/>\n<meta name=\"twitter:label1\" content=\"Tiempo de lectura\" \/>\n\t<meta name=\"twitter:data1\" content=\"1 minuto\" \/>\n<script type=\"application\/ld+json\" class=\"yoast-schema-graph\">{\"@context\":\"https:\/\/schema.org\",\"@graph\":[{\"@type\":\"WebPage\",\"@id\":\"https:\/\/www.zesartech.com\/es\/maquina-de-quema-de-terminales\/\",\"url\":\"https:\/\/www.zesartech.com\/es\/maquina-de-quema-de-terminales\/\",\"name\":\"M\u00e1quina de quema de terminales - Zesar\",\"isPartOf\":{\"@id\":\"https:\/\/www.zesartech.com\/es\/#website\"},\"datePublished\":\"2020-10-30T13:59:53+00:00\",\"dateModified\":\"2021-05-03T11:38:23+00:00\",\"breadcrumb\":{\"@id\":\"https:\/\/www.zesartech.com\/es\/maquina-de-quema-de-terminales\/#breadcrumb\"},\"inLanguage\":\"es\",\"potentialAction\":[{\"@type\":\"ReadAction\",\"target\":[\"https:\/\/www.zesartech.com\/es\/maquina-de-quema-de-terminales\/\"]}]},{\"@type\":\"BreadcrumbList\",\"@id\":\"https:\/\/www.zesartech.com\/es\/maquina-de-quema-de-terminales\/#breadcrumb\",\"itemListElement\":[{\"@type\":\"ListItem\",\"position\":1,\"name\":\"Home\",\"item\":\"https:\/\/www.zesartech.com\/es\/\"},{\"@type\":\"ListItem\",\"position\":2,\"name\":\"Productos\",\"item\":\"https:\/\/www.zesartech.com\/es\/shop\/\"},{\"@type\":\"ListItem\",\"position\":3,\"name\":\"M\u00e1quina de quema de terminales\"}]},{\"@type\":\"WebSite\",\"@id\":\"https:\/\/www.zesartech.com\/es\/#website\",\"url\":\"https:\/\/www.zesartech.com\/es\/\",\"name\":\"Zesar\",\"description\":\"\",\"potentialAction\":[{\"@type\":\"SearchAction\",\"target\":{\"@type\":\"EntryPoint\",\"urlTemplate\":\"https:\/\/www.zesartech.com\/es\/?s={search_term_string}\"},\"query-input\":\"required name=search_term_string\"}],\"inLanguage\":\"es\"}]}<\/script>\n<!-- \/ Yoast SEO plugin. -->","yoast_head_json":{"title":"M\u00e1quina de quema de terminales - Zesar","robots":{"index":"index","follow":"follow","max-snippet":"max-snippet:-1","max-image-preview":"max-image-preview:large","max-video-preview":"max-video-preview:-1"},"canonical":"https:\/\/www.zesartech.com\/es\/maquina-de-quema-de-terminales\/","og_locale":"es_ES","og_type":"article","og_title":"M\u00e1quina de quema de terminales - Zesar","og_description":"[vc_row][vc_column][vc_column_text]La m\u00e1quina de quemado de terminales est\u00e1 dise\u00f1ada para unir los pilares de la terminal de la bater\u00eda y los casquillos de la tapa al quemarlo bajo condiciones de operaci\u00f3n precisamente controladas. La m\u00e1quina utiliza dos sondas de metal caliente para quemar los pilares de los terminales por completo y la superficie interior de la [&hellip;]","og_url":"https:\/\/www.zesartech.com\/es\/maquina-de-quema-de-terminales\/","og_site_name":"Zesar","article_modified_time":"2021-05-03T11:38:23+00:00","og_image":[{"width":750,"height":497,"url":"https:\/\/www.zesartech.com\/wp-content\/uploads\/2020\/10\/TRB-A300-TERMINAL-BURNING-MACHINE.jpg","type":"image\/jpeg"}],"twitter_card":"summary_large_image","twitter_misc":{"Tiempo de lectura":"1 minuto"},"schema":{"@context":"https:\/\/schema.org","@graph":[{"@type":"WebPage","@id":"https:\/\/www.zesartech.com\/es\/maquina-de-quema-de-terminales\/","url":"https:\/\/www.zesartech.com\/es\/maquina-de-quema-de-terminales\/","name":"M\u00e1quina de quema de terminales - Zesar","isPartOf":{"@id":"https:\/\/www.zesartech.com\/es\/#website"},"datePublished":"2020-10-30T13:59:53+00:00","dateModified":"2021-05-03T11:38:23+00:00","breadcrumb":{"@id":"https:\/\/www.zesartech.com\/es\/maquina-de-quema-de-terminales\/#breadcrumb"},"inLanguage":"es","potentialAction":[{"@type":"ReadAction","target":["https:\/\/www.zesartech.com\/es\/maquina-de-quema-de-terminales\/"]}]},{"@type":"BreadcrumbList","@id":"https:\/\/www.zesartech.com\/es\/maquina-de-quema-de-terminales\/#breadcrumb","itemListElement":[{"@type":"ListItem","position":1,"name":"Home","item":"https:\/\/www.zesartech.com\/es\/"},{"@type":"ListItem","position":2,"name":"Productos","item":"https:\/\/www.zesartech.com\/es\/shop\/"},{"@type":"ListItem","position":3,"name":"M\u00e1quina de quema de terminales"}]},{"@type":"WebSite","@id":"https:\/\/www.zesartech.com\/es\/#website","url":"https:\/\/www.zesartech.com\/es\/","name":"Zesar","description":"","potentialAction":[{"@type":"SearchAction","target":{"@type":"EntryPoint","urlTemplate":"https:\/\/www.zesartech.com\/es\/?s={search_term_string}"},"query-input":"required name=search_term_string"}],"inLanguage":"es"}]}},"_links":{"self":[{"href":"https:\/\/www.zesartech.com\/es\/wp-json\/wp\/v2\/product\/1057"}],"collection":[{"href":"https:\/\/www.zesartech.com\/es\/wp-json\/wp\/v2\/product"}],"about":[{"href":"https:\/\/www.zesartech.com\/es\/wp-json\/wp\/v2\/types\/product"}],"wp:featuredmedia":[{"embeddable":true,"href":"https:\/\/www.zesartech.com\/es\/wp-json\/wp\/v2\/media\/915"}],"wp:attachment":[{"href":"https:\/\/www.zesartech.com\/es\/wp-json\/wp\/v2\/media?parent=1057"}],"wp:term":[{"taxonomy":"product_cat","embeddable":true,"href":"https:\/\/www.zesartech.com\/es\/wp-json\/wp\/v2\/product_cat?post=1057"},{"taxonomy":"product_tag","embeddable":true,"href":"https:\/\/www.zesartech.com\/es\/wp-json\/wp\/v2\/product_tag?post=1057"}],"curies":[{"name":"wp","href":"https:\/\/api.w.org\/{rel}","templated":true}]}}