{"id":1054,"date":"2020-10-30T14:29:02","date_gmt":"2020-10-30T14:29:02","guid":{"rendered":"https:\/\/www.zesartech.com\/maquina-de-quema-de-terminales\/"},"modified":"2021-05-16T07:28:33","modified_gmt":"2021-05-16T07:28:33","slug":"maquina-lubricante-y-cepillado-de-terminales","status":"publish","type":"product","link":"https:\/\/www.zesartech.com\/es\/maquina-lubricante-y-cepillado-de-terminales\/","title":{"rendered":"M\u00e1quina lubricante y cepillado de terminales"},"content":{"rendered":"<p>[vc_row][vc_column][vc_column_text]La m\u00e1quina de quemado de terminales est\u00e1 dise\u00f1ada para unir los pilares de la terminal de la bater\u00eda y los casquillos de la tapa al quemarlo bajo condiciones de operaci\u00f3n precisamente controladas. La m\u00e1quina utiliza dos sondas de metal caliente para quemar los pilares de los terminales por completo y la superficie interior de la tapa. Mientras no est\u00e1 en funcionamiento, las llamas piloto mantienen las sondas calientes y las antorchas se activan autom\u00e1ticamente antes de quemar. Los cabezales de quemadores y moldes enfriados por agua proporcionan una profundidad de quemado controlada y una altura de poste constante.[\/vc_column_text][\/vc_column][\/vc_row][vc_row][vc_column width=\u00bb1\/4&#8243;][\/vc_column][vc_column width=\u00bb1\/2&#8243;][vc_single_image image=\u00bb461&#8243; img_size=\u00bbfull\u00bb][vc_row_inner][vc_column_inner width=\u00bb5\/6&#8243;][vc_column_text]M\u00e1quina de quema de terminales[\/vc_column_text][\/vc_column_inner][vc_column_inner width=\u00bb1\/6&#8243;][vc_single_image image=\u00bb357&#8243; img_size=\u00bbfull\u00bb onclick=\u00bbcustom_link\u00bb img_link_target=\u00bb_blank\u00bb link=\u00bbhttps:\/\/zesar.com.tr\/wp-content\/uploads\/2020\/10\/TERMINAL-BRUSHING-GREASING-MACHINE-1.pdf\u00bb][\/vc_column_inner][\/vc_row_inner][\/vc_column][vc_column width=\u00bb1\/4&#8243;][\/vc_column][\/vc_row][vc_row][vc_column][vc_column_text]<\/p>\n<h3>Caracter\u00edsticas<\/h3>\n<ul>\n<li>Producci\u00f3n eficiente y alta productividad<\/li>\n<li>Proceso autom\u00e1tico<\/li>\n<li>Ahorro de energ\u00eda significativo<\/li>\n<li>Hasta 6 bater\u00edas\/minuto<\/li>\n<\/ul>\n<p>La m\u00e1quina de cepillado y engrasado de terminales de bater\u00eda est\u00e1 dise\u00f1ada para proporcionar una superficie lisa a los postes con elementos especiales de cepillo de acero y una dispersi\u00f3n muy homog\u00e9nea del material de engrasado a las terminales con herramientas de engrase especiales, sin ninguna corrosi\u00f3n mediante el uso de grasa en dosis precisas gracias a una bomba dosificadora especial.<\/p>\n<ul>\n<li>Proceso autom\u00e1tico<\/li>\n<li>Elementos de cepillado a medida<\/li>\n<li>Elementos de engrase a medida<\/li>\n<li>Para todas las bater\u00edas automotrices<\/li>\n<li>Cambio de molde de cepillo f\u00e1cil y r\u00e1pido<\/li>\n<li>F\u00e1cil mantenimiento<\/li>\n<li>Bajo consumo energ\u00e9tico<\/li>\n<\/ul>\n<h3><strong>Caracter\u00edsticas opcionales<\/strong><\/h3>\n<ul>\n<li>PLB A300 Modelo de estaci\u00f3n de cabezal \u00fanico con solo unidad de cepillado<\/li>\n<li>PLB A600 Modelo de estaci\u00f3n de doble cabezal de m\u00e1quina de cepillado con hasta 10 bater\u00edas\/minuto<\/li>\n<li>GRS A300 Modelo de estaci\u00f3n de cabezal \u00fanico con solo unidad de engrase<\/li>\n<li>GRS A600 Modelo de estaci\u00f3n de doble cabezal de m\u00e1quina engrasadora con hasta 10 bater\u00edas\/minuto<\/li>\n<\/ul>\n<h3>Capacidad<\/h3>\n<ul>\n<li>Hasta 6 bater\u00edas\/minuto<\/li>\n<\/ul>\n<h3>Mano de obra requerida<\/h3>\n<ul>\n<li>Ninguna<\/li>\n<\/ul>\n<h3>Rango operacional<\/h3>\n<ul>\n<li>Para bater\u00edas automotrices de 36Ah a 240Ah<\/li>\n<\/ul>\n<h3>Datos t\u00e9cnicos<\/h3>\n<ul>\n<li>Sistema de PLC SIEMENS<\/li>\n<li>Sistema neum\u00e1tico FESTO<\/li>\n<li>Motores SIEMENS<\/li>\n<li>Consumo instalado: 1 kW<\/li>\n<li>Aire presurizado: 6 bar<\/li>\n<li>Color: Azul ZESAR<\/li>\n<\/ul>\n<p>[\/vc_column_text][\/vc_column][\/vc_row]<\/p>\n","protected":false},"excerpt":{"rendered":"<p>La m\u00e1quina de cepillado y engrasado de terminales de bater\u00eda est\u00e1 dise\u00f1ada para proporcionar una cubierta de poste lisa con elementos especiales de cepillo de acero y una dispersi\u00f3n muy homog\u00e9nea del material de engrase a los terminales con herramientas de engrase especiales, sin ninguna corrosi\u00f3n mediante el uso de una dosificaci\u00f3n de grasa precisa dosificada mediante una bomba especial.<\/p>\n","protected":false},"featured_media":981,"template":"","meta":[],"product_cat":[48],"product_tag":[],"acf":[],"yoast_head":"<!-- This site is optimized with the Yoast SEO plugin v19.7.1 - https:\/\/yoast.com\/wordpress\/plugins\/seo\/ -->\n<title>M\u00e1quina lubricante y cepillado de terminales - Zesar<\/title>\n<meta name=\"robots\" content=\"index, follow, max-snippet:-1, max-image-preview:large, max-video-preview:-1\" \/>\n<link rel=\"canonical\" href=\"https:\/\/www.zesartech.com\/es\/maquina-lubricante-y-cepillado-de-terminales\/\" \/>\n<meta property=\"og:locale\" content=\"es_ES\" \/>\n<meta property=\"og:type\" content=\"article\" \/>\n<meta property=\"og:title\" content=\"M\u00e1quina lubricante y cepillado de terminales - Zesar\" \/>\n<meta property=\"og:description\" content=\"La m\u00e1quina de cepillado y engrasado de terminales de bater\u00eda est\u00e1 dise\u00f1ada para proporcionar una cubierta de poste lisa con elementos especiales de cepillo de acero y una dispersi\u00f3n muy homog\u00e9nea del material de engrase a los terminales con herramientas de engrase especiales, sin ninguna corrosi\u00f3n mediante el uso de una dosificaci\u00f3n de grasa precisa dosificada mediante una bomba especial.\" \/>\n<meta property=\"og:url\" content=\"https:\/\/www.zesartech.com\/es\/maquina-lubricante-y-cepillado-de-terminales\/\" \/>\n<meta property=\"og:site_name\" content=\"Zesar\" \/>\n<meta property=\"article:modified_time\" content=\"2021-05-16T07:28:33+00:00\" \/>\n<meta property=\"og:image\" content=\"https:\/\/www.zesartech.com\/wp-content\/uploads\/2020\/10\/TERMINAL-BRUSHING-GREASING-MACHINE-1.jpg\" \/>\n\t<meta property=\"og:image:width\" content=\"750\" \/>\n\t<meta property=\"og:image:height\" content=\"497\" \/>\n\t<meta property=\"og:image:type\" content=\"image\/jpeg\" \/>\n<meta name=\"twitter:card\" content=\"summary_large_image\" \/>\n<meta name=\"twitter:label1\" content=\"Tiempo de lectura\" \/>\n\t<meta name=\"twitter:data1\" content=\"2 minutos\" \/>\n<script type=\"application\/ld+json\" class=\"yoast-schema-graph\">{\"@context\":\"https:\/\/schema.org\",\"@graph\":[{\"@type\":\"WebPage\",\"@id\":\"https:\/\/www.zesartech.com\/es\/maquina-lubricante-y-cepillado-de-terminales\/\",\"url\":\"https:\/\/www.zesartech.com\/es\/maquina-lubricante-y-cepillado-de-terminales\/\",\"name\":\"M\u00e1quina lubricante y cepillado de terminales - Zesar\",\"isPartOf\":{\"@id\":\"https:\/\/www.zesartech.com\/es\/#website\"},\"datePublished\":\"2020-10-30T14:29:02+00:00\",\"dateModified\":\"2021-05-16T07:28:33+00:00\",\"breadcrumb\":{\"@id\":\"https:\/\/www.zesartech.com\/es\/maquina-lubricante-y-cepillado-de-terminales\/#breadcrumb\"},\"inLanguage\":\"es\",\"potentialAction\":[{\"@type\":\"ReadAction\",\"target\":[\"https:\/\/www.zesartech.com\/es\/maquina-lubricante-y-cepillado-de-terminales\/\"]}]},{\"@type\":\"BreadcrumbList\",\"@id\":\"https:\/\/www.zesartech.com\/es\/maquina-lubricante-y-cepillado-de-terminales\/#breadcrumb\",\"itemListElement\":[{\"@type\":\"ListItem\",\"position\":1,\"name\":\"Home\",\"item\":\"https:\/\/www.zesartech.com\/es\/\"},{\"@type\":\"ListItem\",\"position\":2,\"name\":\"Productos\",\"item\":\"https:\/\/www.zesartech.com\/es\/shop\/\"},{\"@type\":\"ListItem\",\"position\":3,\"name\":\"M\u00e1quina lubricante y cepillado de terminales\"}]},{\"@type\":\"WebSite\",\"@id\":\"https:\/\/www.zesartech.com\/es\/#website\",\"url\":\"https:\/\/www.zesartech.com\/es\/\",\"name\":\"Zesar\",\"description\":\"\",\"potentialAction\":[{\"@type\":\"SearchAction\",\"target\":{\"@type\":\"EntryPoint\",\"urlTemplate\":\"https:\/\/www.zesartech.com\/es\/?s={search_term_string}\"},\"query-input\":\"required name=search_term_string\"}],\"inLanguage\":\"es\"}]}<\/script>\n<!-- \/ Yoast SEO plugin. -->","yoast_head_json":{"title":"M\u00e1quina lubricante y cepillado de terminales - Zesar","robots":{"index":"index","follow":"follow","max-snippet":"max-snippet:-1","max-image-preview":"max-image-preview:large","max-video-preview":"max-video-preview:-1"},"canonical":"https:\/\/www.zesartech.com\/es\/maquina-lubricante-y-cepillado-de-terminales\/","og_locale":"es_ES","og_type":"article","og_title":"M\u00e1quina lubricante y cepillado de terminales - Zesar","og_description":"La m\u00e1quina de cepillado y engrasado de terminales de bater\u00eda est\u00e1 dise\u00f1ada para proporcionar una cubierta de poste lisa con elementos especiales de cepillo de acero y una dispersi\u00f3n muy homog\u00e9nea del material de engrase a los terminales con herramientas de engrase especiales, sin ninguna corrosi\u00f3n mediante el uso de una dosificaci\u00f3n de grasa precisa dosificada mediante una bomba especial.","og_url":"https:\/\/www.zesartech.com\/es\/maquina-lubricante-y-cepillado-de-terminales\/","og_site_name":"Zesar","article_modified_time":"2021-05-16T07:28:33+00:00","og_image":[{"width":750,"height":497,"url":"https:\/\/www.zesartech.com\/wp-content\/uploads\/2020\/10\/TERMINAL-BRUSHING-GREASING-MACHINE-1.jpg","type":"image\/jpeg"}],"twitter_card":"summary_large_image","twitter_misc":{"Tiempo de lectura":"2 minutos"},"schema":{"@context":"https:\/\/schema.org","@graph":[{"@type":"WebPage","@id":"https:\/\/www.zesartech.com\/es\/maquina-lubricante-y-cepillado-de-terminales\/","url":"https:\/\/www.zesartech.com\/es\/maquina-lubricante-y-cepillado-de-terminales\/","name":"M\u00e1quina lubricante y cepillado de terminales - Zesar","isPartOf":{"@id":"https:\/\/www.zesartech.com\/es\/#website"},"datePublished":"2020-10-30T14:29:02+00:00","dateModified":"2021-05-16T07:28:33+00:00","breadcrumb":{"@id":"https:\/\/www.zesartech.com\/es\/maquina-lubricante-y-cepillado-de-terminales\/#breadcrumb"},"inLanguage":"es","potentialAction":[{"@type":"ReadAction","target":["https:\/\/www.zesartech.com\/es\/maquina-lubricante-y-cepillado-de-terminales\/"]}]},{"@type":"BreadcrumbList","@id":"https:\/\/www.zesartech.com\/es\/maquina-lubricante-y-cepillado-de-terminales\/#breadcrumb","itemListElement":[{"@type":"ListItem","position":1,"name":"Home","item":"https:\/\/www.zesartech.com\/es\/"},{"@type":"ListItem","position":2,"name":"Productos","item":"https:\/\/www.zesartech.com\/es\/shop\/"},{"@type":"ListItem","position":3,"name":"M\u00e1quina lubricante y cepillado de terminales"}]},{"@type":"WebSite","@id":"https:\/\/www.zesartech.com\/es\/#website","url":"https:\/\/www.zesartech.com\/es\/","name":"Zesar","description":"","potentialAction":[{"@type":"SearchAction","target":{"@type":"EntryPoint","urlTemplate":"https:\/\/www.zesartech.com\/es\/?s={search_term_string}"},"query-input":"required name=search_term_string"}],"inLanguage":"es"}]}},"_links":{"self":[{"href":"https:\/\/www.zesartech.com\/es\/wp-json\/wp\/v2\/product\/1054"}],"collection":[{"href":"https:\/\/www.zesartech.com\/es\/wp-json\/wp\/v2\/product"}],"about":[{"href":"https:\/\/www.zesartech.com\/es\/wp-json\/wp\/v2\/types\/product"}],"wp:featuredmedia":[{"embeddable":true,"href":"https:\/\/www.zesartech.com\/es\/wp-json\/wp\/v2\/media\/981"}],"wp:attachment":[{"href":"https:\/\/www.zesartech.com\/es\/wp-json\/wp\/v2\/media?parent=1054"}],"wp:term":[{"taxonomy":"product_cat","embeddable":true,"href":"https:\/\/www.zesartech.com\/es\/wp-json\/wp\/v2\/product_cat?post=1054"},{"taxonomy":"product_tag","embeddable":true,"href":"https:\/\/www.zesartech.com\/es\/wp-json\/wp\/v2\/product_tag?post=1054"}],"curies":[{"name":"wp","href":"https:\/\/api.w.org\/{rel}","templated":true}]}}