{"id":1052,"date":"2021-04-11T12:05:29","date_gmt":"2021-04-11T12:05:29","guid":{"rendered":"https:\/\/www.zesartech.com\/?page_id=1052"},"modified":"2024-09-13T10:35:04","modified_gmt":"2024-09-13T10:35:04","slug":"casa","status":"publish","type":"page","link":"https:\/\/www.zesartech.com\/es\/","title":{"rendered":"Casa"},"content":{"rendered":"<p>[vc_row wrap_container=\u00bbyes\u00bb el_class=\u00bbp-t-xxl p-b-xxl\u00bb][vc_column offset=\u00bbvc_col-md-4&#8243;][vc_custom_heading text=\u00bbSU SOCIO ID\u00d3NEO PARA FABRICAR BATER\u00cdAS DE PLOMO \u00c1CIDO\u00bb use_theme_fonts=\u00bbyes\u00bb el_class=\u00bbm-t-md m-b-none\u00bb][\/vc_column][vc_column width=\u00bb1\/6&#8243; offset=\u00bbvc_hidden-sm vc_hidden-xs\u00bb][vc_single_image source=\u00bbexternal_link\u00bb custom_src=\u00bb\/\/sw-themes.com\/porto_dummy\/wp-content\/uploads\/images\/dotted-line-angle.png\u00bb el_class=\u00bbm-t-n-xs m-b-none\u00bb][\/vc_column][vc_column offset=\u00bbvc_col-md-6&#8243;][vc_column_text el_class=\u00bbm-t-md m-b-none\u00bb]Somos uno de los proveedores de tecnolog\u00eda y equipos de bater\u00edas con mayor reputaci\u00f3n en Europa desde 1976. Zesar realiz\u00f3 importantes mejoras y desarrollos en el \u00e1rea de la tecnolog\u00eda de procesamiento de bater\u00edas, que ayudan a facilitar proyectos llave en mano a nuestros clientes. Los resultados son m\u00e1quinas de producci\u00f3n m\u00e1s eficientes, que ahorran tiempo y costos.[\/vc_column_text][\/vc_column][\/vc_row][vc_row wrap_container=\u00bbyes\u00bb is_section=\u00bbyes\u00bb section_skin=\u00bbparallax\u00bb remove_margin_top=\u00bbyes\u00bb remove_margin_bottom=\u00bbyes\u00bb remove_border=\u00bbyes\u00bb][vc_column][vc_row_inner][vc_column_inner width=\u00bb2\/6&#8243;][vc_custom_heading text=\u00bbNoticias y Eventos\u00bb use_theme_fonts=\u00bbyes\u00bb el_class=\u00bbm-t-md m-b-none\u00bb][vc_empty_space height=\u00bb16px\u00bb][vc_single_image image=\u00bb1628&#8243; img_size=\u00bbfull\u00bb onclick=\u00bbcustom_link\u00bb link=\u00bbhttps:\/\/www.zesartech.com\/blog\/event\/elbc-2024\/\u00bb label=\u00bb\u00bb][\/vc_column_inner][vc_column_inner width=\u00bb4\/6&#8243;][vc_custom_heading text=\u00bbNuevo producto\u00bb use_theme_fonts=\u00bbyes\u00bb el_class=\u00bbm-t-md m-b-none\u00bb][vc_empty_space height=\u00bb16px\u00bb][vc_gallery type=\u00bbflexslider_slide\u00bb interval=\u00bb3&#8243; images=\u00bb1590,1593,1596,1599&#8243; img_size=\u00bbfull\u00bb onclick=\u00bbcustom_link\u00bb custom_links=\u00bb#E-8_aHR0cHMlM0ElMkYlMkZ3d3cuemVzYXJ0ZWNoLmNvbSUyRmVzJTJGY2FtYXJhcy1kZS1jdXJhZG8lMkYlMkNodHRwcyUzQSUyRiUyRnd3dy56ZXNhcnRlY2guY29tJTJGZXMlMkZjYW1hcmFzLWRlLWN1cmFkbyUyRiUyQ2h0dHBzJTNBJTJGJTJGd3d3Lnplc2FydGVjaC5jb20lMkZlcyUyRmNhbWFyYXMtZGUtY3VyYWRvJTJGJTJDaHR0cHMlM0ElMkYlMkZ3d3cuemVzYXJ0ZWNoLmNvbSUyRmVzJTJGY2FtYXJhcy1kZS1jdXJhZG8lMkY=\u00bb][vc_column_text]<\/p>\n<div style=\"position: relative; bottom: 0; right: 0; z-index: 9999; padding: 10px; margin-top: -72px; background-color: #1c5eac;\">\n<h5 style=\"color: #fff; font-size: 20px;\">C\u00e1maras de curado<\/h5>\n<\/div>\n<p>[\/vc_column_text][\/vc_column_inner][\/vc_row_inner][\/vc_column][\/vc_row][vc_row wrap_container=\u00bbyes\u00bb is_section=\u00bbyes\u00bb section_skin=\u00bbtertiary\u00bb remove_margin_top=\u00bbyes\u00bb remove_margin_bottom=\u00bbyes\u00bb remove_border=\u00bbyes\u00bb el_class=\u00bbsection-custom-construction\u00bb][vc_column][vc_row_inner animation_delay=\u00bb300&#8243; animation_type=\u00bbfadeInUp\u00bb][vc_column_inner width=\u00bb1\/3&#8243; animation_type=\u00bbfadeInUp\u00bb]<div class=\"porto-sicon-box style_1 default-icon flex-wrap\"><div class=\"porto-sicon-default\"><div id=\"porto-icon-21261303669f5db6bb4650\" class=\"porto-just-icon-wrapper\" style=\"text-align:center;\"><div class=\"porto-sicon-img \" style=\"display:inline-block;font-size: 50px;\"><img class=\"img-icon\" alt=\"\" src=\"https:\/\/www.zesartech.com\/wp-content\/uploads\/2020\/10\/handshake.png\" width=\"128\" height=\"128\" \/><\/div><\/div><\/div><div class=\"porto-sicon-header\"><h3 class=\"porto-sicon-title\" style=\"font-size:20px;\">VISI\u00d3N Y MISI\u00d3N<\/h3><\/div> <!-- header --><div class=\"porto-sicon-description\" style=\"\"><strong>VISI\u00d3N:<\/strong> En el sector de fabricaci\u00f3n de bater\u00edas, estar entre los 3 principales proveedores de equipos de bater\u00edas del mundo en 2025, desarrollando el liderazgo que hemos logrado en el mercado nacional a lo largo de los a\u00f1os.<br \/>\n<strong>MISI\u00d3N:<\/strong> Ser el socio de soluciones de nuestros clientes con productos de alta calidad usando tecnolog\u00eda avanzada, servicio continuo y enfoque innovador alineado con las necesidades y expectativas del sector de bater\u00edas.<\/div> <!-- description --><\/div><!-- porto-sicon-box -->[\/vc_column_inner][vc_column_inner width=\u00bb1\/3&#8243; animation_delay=\u00bb300&#8243; animation_type=\u00bbfadeInUp\u00bb]<div class=\"porto-sicon-box style_1 default-icon flex-wrap\"><div class=\"porto-sicon-default\"><div id=\"porto-icon-80766793269f5db6bb524f\" class=\"porto-just-icon-wrapper\" style=\"text-align:center;\"><div class=\"porto-sicon-img \" style=\"display:inline-block;font-size: 50px;\"><img class=\"img-icon\" alt=\"\" src=\"https:\/\/www.zesartech.com\/wp-content\/uploads\/2020\/10\/quality.png\" width=\"128\" height=\"128\" \/><\/div><\/div><\/div><div class=\"porto-sicon-header\"><h3 class=\"porto-sicon-title\" style=\"font-size:20px;\">POL\u00cdTICA DE CALIDAD<\/h3><\/div> <!-- header --><div class=\"porto-sicon-description\" style=\"\">&#8211; Garantizar la continuidad de la satisfacci\u00f3n del cliente.<br \/>\n&#8211; Alcanzar la m\u00e1xima calidad con el costo m\u00ednimo.<br \/>\n&#8211; Incrementar la productividad y satisfacci\u00f3n de los empleados.<br \/>\n&#8211; Invertir los recursos eficazmente.<br \/>\n&#8211; Mejorar y desarrollar proveedores como socios de soluciones.<br \/>\n&#8211; Utilizar el Sistema de Gesti\u00f3n de Calidad de forma eficaz y mejorar continuamente.<\/div> <!-- description --><\/div><!-- porto-sicon-box -->[\/vc_column_inner][vc_column_inner width=\u00bb1\/3&#8243;]<div class=\"porto-sicon-box style_1 default-icon flex-wrap\"><div class=\"porto-sicon-default\"><div id=\"porto-icon-72264079569f5db6bb5b1e\" class=\"porto-just-icon-wrapper\" style=\"text-align:center;\"><div class=\"porto-sicon-img \" style=\"display:inline-block;font-size: 50px;\"><img class=\"img-icon\" alt=\"\" src=\"https:\/\/www.zesartech.com\/wp-content\/uploads\/2020\/10\/value.png\" width=\"128\" height=\"128\" \/><\/div><\/div><\/div><div class=\"porto-sicon-header\"><h3 class=\"porto-sicon-title\" style=\"font-size:20px;\">VALORES<\/h3><\/div> <!-- header --><div class=\"porto-sicon-description\" style=\"\">-Disposici\u00f3n a la innovaci\u00f3n y la superaci\u00f3n<br \/>\n&#8211; Orientaci\u00f3n al cliente<br \/>\n&#8211; Orientaci\u00f3n para soluciones<br \/>\n&#8211; Honestidad y sinceridad<br \/>\n&#8211; Sentido de responsabilidad<\/div> <!-- description --><\/div><!-- porto-sicon-box -->[\/vc_column_inner][\/vc_row_inner][\/vc_column][\/vc_row][vc_row wrap_container=\u00bbyes\u00bb is_section=\u00bbyes\u00bb section_skin=\u00bbtertiary\u00bb remove_margin_top=\u00bbyes\u00bb remove_margin_bottom=\u00bbyes\u00bb remove_border=\u00bbyes\u00bb el_class=\u00bbsection-custom-construction\u00bb][vc_column][vc_row_inner][vc_column_inner width=\u00bb1\/2&#8243; animation_type=\u00bbfadeInUp\u00bb][vc_column_text]<iframe src=\"https:\/\/www.youtube.com\/embed\/dhMZPl0vCig\" width=\"560\" height=\"215\" frameborder=\"0\" allowfullscreen=\"allowfullscreen\" data-mce-fragment=\"1\"><\/iframe>[\/vc_column_text][\/vc_column_inner][vc_column_inner width=\u00bb1\/2&#8243; animation_delay=\u00bb300&#8243; animation_type=\u00bbfadeInUp\u00bb][vc_column_text]Al trabajar en estrecha colaboraci\u00f3n con los productores de bater\u00edas y prestar atenci\u00f3n a sus necesidades particulares, cada m\u00e1quina puede ser dise\u00f1ada de manera espec\u00edfica y a\u00f1adir nuevas caracter\u00edsticas. Aunque las caracter\u00edsticas b\u00e1sicas permanecen intactas, todas y cada una de las m\u00e1quinas tendr\u00e1n una identidad diferente.<\/p>\n<p>ZESAR, que sigue de cerca las nuevas y futuras tecnolog\u00edas de bater\u00edas en el sector, determina sus estrategias a corto y largo plazo. Tambi\u00e9n ha comenzado a prepararse para las obras de infraestructura necesarias para la tecnolog\u00eda Li-Ion. Con 52 a\u00f1os de experiencia en la industria, ZESAR est\u00e1 dando pasos firmes como empresa global al exportar el 90% de su producci\u00f3n actualmente.[\/vc_column_text][\/vc_column_inner][\/vc_row_inner][\/vc_column][\/vc_row][vc_row wrap_container=\u00bbyes\u00bb is_section=\u00bbyes\u00bb section_skin=\u00bbparallax\u00bb remove_margin_top=\u00bbyes\u00bb remove_margin_bottom=\u00bbyes\u00bb remove_border=\u00bbyes\u00bb][vc_column][vc_row_inner][vc_column_inner][vc_single_image image=\u00bb1482&#8243; img_size=\u00bbfull\u00bb][\/vc_column_inner][\/vc_row_inner][\/vc_column][\/vc_row][vc_row][vc_column][vc_column_text]<\/p>\n<h2><strong>Procesos de Fabricaci\u00f3n de Bater\u00edas con Zesar<\/strong><\/h2>\n<p><span style=\"font-weight: 400;\">Durante seis d\u00e9cadas, la maquinaria, la ingenier\u00eda y la mentalidad de soluciones de ZESAR han establecido el est\u00e1ndar de rendimiento y calidad en equipos de fabricaci\u00f3n de bater\u00edas. Aprovechamos nuestra larga trayectoria como principal proveedor de soluciones de fabricaci\u00f3n de bater\u00edas para innovar continuamente los equipos de producci\u00f3n de bater\u00edas m\u00e1s eficientes disponibles.<\/span><\/p>\n<h3><b>ZESAR: presente en cada paso<\/b><\/h3>\n<p><span style=\"font-weight: 400;\">En ZESAR, entendemos el proceso de fabricaci\u00f3n de bater\u00edas y suministramos la \u00faltima tecnolog\u00eda para ayudar a nuestros clientes a mejorar su productividad, rentabilidad y rendimiento de seguridad. Para ver mejor c\u00f3mo le ayudamos a sobresalir en cada paso del camino, siga leyendo:\u00a0<\/span>[\/vc_column_text][\/vc_column][\/vc_row][vc_row][vc_column][vc_toggle title=\u00bbProcesos de Fabricaci\u00f3n de Bater\u00edas\u00bb]<\/p>\n<h3><strong>Producci\u00f3n de placas<\/strong><\/h3>\n<p><span style=\"font-weight: 400;\">Producir placas precisas y de alta calidad es uno de los pasos m\u00e1s cr\u00edticos en la fabricaci\u00f3n de bater\u00edas. Las placas se fabrican mediante el proceso de \u00f3xido y rejilla (Plante) o el proceso de pegado y curado (Faure). La maquinaria de fabricaci\u00f3n de bater\u00edas de ZESAR est\u00e1 especialmente dise\u00f1ada y construida para cualquiera de las dos aplicaciones.<\/span><\/p>\n<h3><strong>Montaje de la bater\u00eda<\/strong><\/h3>\n<p><span style=\"font-weight: 400;\">Tras la fabricaci\u00f3n de las placas, se ensambla la bater\u00eda. La l\u00ednea ZESAR de equipos de fabricaci\u00f3n de bater\u00edas tiene de nuevo la respuesta con maquinaria para automatizar cada paso, as\u00ed como para realizar las pruebas necesarias. Manejamos y gestionamos el ensamblaje de las placas con las m\u00e1quinas de envoltura y apilamiento, de flejado y de soldadura intercelular. El proceso de montaje se completa con nuestra selecci\u00f3n de m\u00e1quinas de instalaci\u00f3n de tapas, quema de terminales y pruebas.<\/span><\/p>\n<h3><b>Relleno y formaci\u00f3n<\/b><\/h3>\n<p><span style=\"font-weight: 400;\">Rellenar la bater\u00eda con su medio electrol\u00edtico y cargarla correctamente es uno de los \u00faltimos pasos cr\u00edticos en la producci\u00f3n de bater\u00edas. ZESAR est\u00e1 totalmente preparada para equiparle con relleno y nivelaci\u00f3n de \u00e1cido y gel. La formaci\u00f3n se apoya en ba\u00f1os de agua automatizados y en m\u00e1quinas de prueba de fugas de alta velocidad y de alta tensi\u00f3n.\u00a0<\/span><\/p>\n<h3><b>Montaje final<\/b><\/h3>\n<p><span style=\"font-weight: 400;\">Una vez completadas todas las tareas cr\u00edticas de fabricaci\u00f3n de la bater\u00eda, el montaje final es el momento en el que se sella y finaliza todo el trabajo duro, garantizando a su cliente una bater\u00eda lista para el servicio. Sabemos que la atenci\u00f3n al detalle en este \u00faltimo paso es lo que separa a las empresas excepcionales de fabricaci\u00f3n de bater\u00edas de las que simplemente quieren venderlas.\u00a0<\/span><\/p>\n<p><span style=\"font-weight: 400;\">Aqu\u00ed es donde nuestra selecci\u00f3n de m\u00e1quinas de sellado de segundas tapas y pruebas de fugas de aire verifican la integridad de su producto. La m\u00e1quina de lavado\/secado y la m\u00e1quina de cepillado y engrasado de terminales de ZESAR garantizan que su producto llegue limpio, libre de contaminantes y listo para usar. <\/span>[\/vc_toggle][vc_toggle title=\u00bbToggle titleEl beneficio de ZESAR\u00bb]<span style=\"font-weight: 400;\">En ZESAR aportamos seis d\u00e9cadas de experiencia en este \u00e1mbito. A lo largo de este tiempo, hemos sido continuamente innovadores en equipos de fabricaci\u00f3n de bater\u00edas. Atribuimos gran parte de este esp\u00edritu innovador a usted, nuestro cliente.\u00a0<\/span><\/p>\n<p><span style=\"font-weight: 400;\">Hace tantos a\u00f1os, aprendimos pronto que, aunque la fabricaci\u00f3n de bater\u00edas ten\u00eda muchos pasos b\u00e1sicos, los mejores fabricantes de bater\u00edas ped\u00edan que se personalizara para adaptarse mejor a su funcionamiento. Les escuchamos y les proporcionamos lo que necesitaban. Muchas de estas caracter\u00edsticas personalizadas son ahora est\u00e1ndar en muchos modelos, y siempre estamos abiertos a nuevas ideas sobre c\u00f3mo nuestra maquinaria de fabricaci\u00f3n de bater\u00edas puede ser modificada para hacerla a\u00fan mejor para sus necesidades espec\u00edficas.\u00a0<\/span><\/p>\n<p><span style=\"font-weight: 400;\">ZESAR tambi\u00e9n es plenamente consciente de que las empresas de fabricaci\u00f3n de bater\u00edas son una industria regulada, en t\u00e9rminos de medio ambiente, salud y seguridad. En nuestras propias instalaciones, siempre buscamos las mejores pr\u00e1cticas para la seguridad y la salud de nuestros empleados, as\u00ed como para el medio ambiente.\u00a0<\/span><\/p>\n<p><span style=\"font-weight: 400;\">Extendemos este compromiso a todos los productos que vendemos. Nuestros ingenieros siempre est\u00e1n dise\u00f1ando formas no s\u00f3lo para hacer las cosas de forma m\u00e1s eficiente, sino para hacerlas de forma m\u00e1s segura con un riesgo m\u00ednimo para el medio ambiente. La seguridad y el cuidado del medio ambiente son valores clave de la empresa que incorporamos a cada m\u00e1quina que vendemos.<\/span>[\/vc_toggle][vc_toggle title=\u00bbZESAR-Su elecci\u00f3n de confianza\u00bb]<\/p>\n<h3><b>M\u00e1quinas individuales o proyectos llave en mano<\/b><\/h3>\n<p><span style=\"font-weight: 400;\">Tanto si necesita actualizar una sola m\u00e1quina de su l\u00ednea como si busca un proyecto llave en mano, ZESAR quiere demostrar nuestro valor como proveedor fiable de equipos de fabricaci\u00f3n de bater\u00edas de alta calidad. A\u00f1adir una m\u00e1quina ZESAR para los procesos cr\u00edticos puede aumentar r\u00e1pidamente la eficiencia de cualquier l\u00ednea. En lugar de mantener equipos anticuados e ineficientes, ZESAR proporciona un buen retorno de la inversi\u00f3n gracias al aumento de la productividad, la eficiencia y la seguridad.<\/span><\/p>\n<p><span style=\"font-weight: 400;\">Imagine una l\u00ednea de producci\u00f3n equipada con todos los equipos de ZESAR. Ahora, imag\u00ednalo como una realidad. Hemos realizado con \u00e9xito proyectos llave en mano para varias empresas de fabricaci\u00f3n de bater\u00edas. Con la gesti\u00f3n de proyectos de ZESAR, usted tiene la seguridad de recibir una instalaci\u00f3n de \u00faltima generaci\u00f3n lista para producir bater\u00edas a partir de una l\u00ednea totalmente ZESAR en la que nuestras m\u00e1quinas funcionan con la m\u00e1xima eficiencia. Y estamos tan dispuestos a ayudar al peque\u00f1o fabricante local como a los grandes productores.\u00a0\u00a0<\/span><\/p>\n<h3><b>ZESAR-Una empresa global<\/b><\/h3>\n<p><span style=\"font-weight: 400;\">Con sede en Estambul e instalaciones de fabricaci\u00f3n en Manisa (Turqu\u00eda), ZESAR tiene un alcance mundial. Aprovechamos este alcance para exportar aproximadamente el 90% de la producci\u00f3n. En concreto, m\u00e1s de veinte pa\u00edses -desde el Reino Unido hasta muchos de la UE, \u00c1frica y Asia- utilizan los equipos y la experiencia de ZESAR en la producci\u00f3n de bater\u00edas. Nuestra capacidad para satisfacer diversas necesidades y requisitos queda demostrada por la amplitud de nuestra base de usuarios.<\/span><\/p>\n<h3><b>El valor de ZESAR<\/b><\/h3>\n<p><span style=\"font-weight: 400;\">En ZESAR, creemos que es posible ofrecer productos de fabricaci\u00f3n de bater\u00edas seguros y de alta calidad a un precio justo. ZESAR es un equipo de alta calidad, pero siempre buscamos ofrecer el mejor valor para su inversi\u00f3n. No somos un fabricante de bajo precio, sino que proporcionamos equipos de calidad superior con un buen rendimiento de la inversi\u00f3n.\u00a0<\/span><\/p>\n<h3><b>El futuro de ZESAR\u00a0<\/b><\/h3>\n<p><span style=\"font-weight: 400;\">Nuestro equipo de ZESAR nunca se contenta con descansar en nuestros logros. A medida que el mundo cambia a nuestro alrededor, nosotros tambi\u00e9n debemos estar preparados para cambiar con el mundo. Adem\u00e1s de las continuas mejoras de nuestras l\u00edneas de productos existentes, nuestro departamento de Investigaci\u00f3n y Desarrollo se ocupa de planificar el futuro. Con la r\u00e1pida adopci\u00f3n de las bater\u00edas de iones de litio en todo tipo de productos, desde los coches hasta las herramientas de jardiner\u00eda, ZESAR se est\u00e1 preparando para ayudar a los nuevos y existentes fabricantes a satisfacer esta nueva y emocionante necesidad.<\/span>[\/vc_toggle][\/vc_column][\/vc_row]<\/p>\n","protected":false},"excerpt":{"rendered":"<p>[vc_row wrap_container=\u00bbyes\u00bb el_class=\u00bbp-t-xxl p-b-xxl\u00bb][vc_column offset=\u00bbvc_col-md-4&#8243;][vc_custom_heading text=\u00bbSU SOCIO ID\u00d3NEO PARA FABRICAR BATER\u00cdAS DE PLOMO \u00c1CIDO\u00bb use_theme_fonts=\u00bbyes\u00bb el_class=\u00bbm-t-md m-b-none\u00bb][\/vc_column][vc_column width=\u00bb1\/6&#8243; offset=\u00bbvc_hidden-sm vc_hidden-xs\u00bb][vc_single_image source=\u00bbexternal_link\u00bb custom_src=\u00bb\/\/sw-themes.com\/porto_dummy\/wp-content\/uploads\/images\/dotted-line-angle.png\u00bb el_class=\u00bbm-t-n-xs m-b-none\u00bb][\/vc_column][vc_column offset=\u00bbvc_col-md-6&#8243;][vc_column_text el_class=\u00bbm-t-md m-b-none\u00bb]Somos uno de los proveedores de tecnolog\u00eda y equipos de bater\u00edas con mayor reputaci\u00f3n en Europa desde 1976. Zesar realiz\u00f3 importantes mejoras y desarrollos en el \u00e1rea de la [&hellip;]<\/p>\n","protected":false},"author":2,"featured_media":0,"parent":0,"menu_order":0,"comment_status":"closed","ping_status":"closed","template":"","meta":[],"acf":[],"yoast_head":"<!-- This site is optimized with the Yoast SEO plugin v19.7.1 - https:\/\/yoast.com\/wordpress\/plugins\/seo\/ -->\n<title>Zesar - La Tecnolog\u00eda Para las Bater\u00edas<\/title>\n<meta name=\"robots\" content=\"index, follow, max-snippet:-1, max-image-preview:large, max-video-preview:-1\" \/>\n<link rel=\"canonical\" href=\"https:\/\/www.zesartech.com\/es\/\" \/>\n<meta property=\"og:locale\" content=\"es_ES\" \/>\n<meta property=\"og:type\" content=\"article\" \/>\n<meta property=\"og:title\" content=\"Zesar - La Tecnolog\u00eda Para las Bater\u00edas\" \/>\n<meta property=\"og:description\" content=\"[vc_row wrap_container=\u00bbyes\u00bb el_class=\u00bbp-t-xxl p-b-xxl\u00bb][vc_column offset=\u00bbvc_col-md-4&#8243;][vc_custom_heading text=\u00bbSU SOCIO ID\u00d3NEO PARA FABRICAR BATER\u00cdAS DE PLOMO \u00c1CIDO\u00bb use_theme_fonts=\u00bbyes\u00bb el_class=\u00bbm-t-md m-b-none\u00bb][\/vc_column][vc_column width=\u00bb1\/6&#8243; offset=\u00bbvc_hidden-sm vc_hidden-xs\u00bb][vc_single_image source=\u00bbexternal_link\u00bb custom_src=\u00bb\/\/sw-themes.com\/porto_dummy\/wp-content\/uploads\/images\/dotted-line-angle.png\u00bb el_class=\u00bbm-t-n-xs m-b-none\u00bb][\/vc_column][vc_column offset=\u00bbvc_col-md-6&#8243;][vc_column_text el_class=\u00bbm-t-md m-b-none\u00bb]Somos uno de los proveedores de tecnolog\u00eda y equipos de bater\u00edas con mayor reputaci\u00f3n en Europa desde 1976. Zesar realiz\u00f3 importantes mejoras y desarrollos en el \u00e1rea de la [&hellip;]\" \/>\n<meta property=\"og:url\" content=\"https:\/\/www.zesartech.com\/es\/\" \/>\n<meta property=\"og:site_name\" content=\"Zesar\" \/>\n<meta property=\"article:modified_time\" content=\"2024-09-13T10:35:04+00:00\" \/>\n<meta name=\"twitter:card\" content=\"summary_large_image\" \/>\n<meta name=\"twitter:label1\" content=\"Tiempo de lectura\" \/>\n\t<meta name=\"twitter:data1\" content=\"7 minutos\" \/>\n<script type=\"application\/ld+json\" class=\"yoast-schema-graph\">{\"@context\":\"https:\/\/schema.org\",\"@graph\":[{\"@type\":\"WebPage\",\"@id\":\"https:\/\/www.zesartech.com\/es\/\",\"url\":\"https:\/\/www.zesartech.com\/es\/\",\"name\":\"Zesar - La Tecnolog\u00eda Para las Bater\u00edas\",\"isPartOf\":{\"@id\":\"https:\/\/www.zesartech.com\/es\/#website\"},\"datePublished\":\"2021-04-11T12:05:29+00:00\",\"dateModified\":\"2024-09-13T10:35:04+00:00\",\"breadcrumb\":{\"@id\":\"https:\/\/www.zesartech.com\/es\/#breadcrumb\"},\"inLanguage\":\"es\",\"potentialAction\":[{\"@type\":\"ReadAction\",\"target\":[\"https:\/\/www.zesartech.com\/es\/\"]}]},{\"@type\":\"BreadcrumbList\",\"@id\":\"https:\/\/www.zesartech.com\/es\/#breadcrumb\",\"itemListElement\":[{\"@type\":\"ListItem\",\"position\":1,\"name\":\"Home\",\"item\":\"https:\/\/www.zesartech.com\/es\/\"},{\"@type\":\"ListItem\",\"position\":2,\"name\":\"Casa\"}]},{\"@type\":\"WebSite\",\"@id\":\"https:\/\/www.zesartech.com\/es\/#website\",\"url\":\"https:\/\/www.zesartech.com\/es\/\",\"name\":\"Zesar\",\"description\":\"\",\"potentialAction\":[{\"@type\":\"SearchAction\",\"target\":{\"@type\":\"EntryPoint\",\"urlTemplate\":\"https:\/\/www.zesartech.com\/es\/?s={search_term_string}\"},\"query-input\":\"required name=search_term_string\"}],\"inLanguage\":\"es\"}]}<\/script>\n<!-- \/ Yoast SEO plugin. -->","yoast_head_json":{"title":"Zesar - La Tecnolog\u00eda Para las Bater\u00edas","robots":{"index":"index","follow":"follow","max-snippet":"max-snippet:-1","max-image-preview":"max-image-preview:large","max-video-preview":"max-video-preview:-1"},"canonical":"https:\/\/www.zesartech.com\/es\/","og_locale":"es_ES","og_type":"article","og_title":"Zesar - La Tecnolog\u00eda Para las Bater\u00edas","og_description":"[vc_row wrap_container=\u00bbyes\u00bb el_class=\u00bbp-t-xxl p-b-xxl\u00bb][vc_column offset=\u00bbvc_col-md-4&#8243;][vc_custom_heading text=\u00bbSU SOCIO ID\u00d3NEO PARA FABRICAR BATER\u00cdAS DE PLOMO \u00c1CIDO\u00bb use_theme_fonts=\u00bbyes\u00bb el_class=\u00bbm-t-md m-b-none\u00bb][\/vc_column][vc_column width=\u00bb1\/6&#8243; offset=\u00bbvc_hidden-sm vc_hidden-xs\u00bb][vc_single_image source=\u00bbexternal_link\u00bb custom_src=\u00bb\/\/sw-themes.com\/porto_dummy\/wp-content\/uploads\/images\/dotted-line-angle.png\u00bb el_class=\u00bbm-t-n-xs m-b-none\u00bb][\/vc_column][vc_column offset=\u00bbvc_col-md-6&#8243;][vc_column_text el_class=\u00bbm-t-md m-b-none\u00bb]Somos uno de los proveedores de tecnolog\u00eda y equipos de bater\u00edas con mayor reputaci\u00f3n en Europa desde 1976. Zesar realiz\u00f3 importantes mejoras y desarrollos en el \u00e1rea de la [&hellip;]","og_url":"https:\/\/www.zesartech.com\/es\/","og_site_name":"Zesar","article_modified_time":"2024-09-13T10:35:04+00:00","twitter_card":"summary_large_image","twitter_misc":{"Tiempo de lectura":"7 minutos"},"schema":{"@context":"https:\/\/schema.org","@graph":[{"@type":"WebPage","@id":"https:\/\/www.zesartech.com\/es\/","url":"https:\/\/www.zesartech.com\/es\/","name":"Zesar - La Tecnolog\u00eda Para las Bater\u00edas","isPartOf":{"@id":"https:\/\/www.zesartech.com\/es\/#website"},"datePublished":"2021-04-11T12:05:29+00:00","dateModified":"2024-09-13T10:35:04+00:00","breadcrumb":{"@id":"https:\/\/www.zesartech.com\/es\/#breadcrumb"},"inLanguage":"es","potentialAction":[{"@type":"ReadAction","target":["https:\/\/www.zesartech.com\/es\/"]}]},{"@type":"BreadcrumbList","@id":"https:\/\/www.zesartech.com\/es\/#breadcrumb","itemListElement":[{"@type":"ListItem","position":1,"name":"Home","item":"https:\/\/www.zesartech.com\/es\/"},{"@type":"ListItem","position":2,"name":"Casa"}]},{"@type":"WebSite","@id":"https:\/\/www.zesartech.com\/es\/#website","url":"https:\/\/www.zesartech.com\/es\/","name":"Zesar","description":"","potentialAction":[{"@type":"SearchAction","target":{"@type":"EntryPoint","urlTemplate":"https:\/\/www.zesartech.com\/es\/?s={search_term_string}"},"query-input":"required name=search_term_string"}],"inLanguage":"es"}]}},"_links":{"self":[{"href":"https:\/\/www.zesartech.com\/es\/wp-json\/wp\/v2\/pages\/1052"}],"collection":[{"href":"https:\/\/www.zesartech.com\/es\/wp-json\/wp\/v2\/pages"}],"about":[{"href":"https:\/\/www.zesartech.com\/es\/wp-json\/wp\/v2\/types\/page"}],"author":[{"embeddable":true,"href":"https:\/\/www.zesartech.com\/es\/wp-json\/wp\/v2\/users\/2"}],"replies":[{"embeddable":true,"href":"https:\/\/www.zesartech.com\/es\/wp-json\/wp\/v2\/comments?post=1052"}],"version-history":[{"count":11,"href":"https:\/\/www.zesartech.com\/es\/wp-json\/wp\/v2\/pages\/1052\/revisions"}],"predecessor-version":[{"id":1636,"href":"https:\/\/www.zesartech.com\/es\/wp-json\/wp\/v2\/pages\/1052\/revisions\/1636"}],"wp:attachment":[{"href":"https:\/\/www.zesartech.com\/es\/wp-json\/wp\/v2\/media?parent=1052"}],"curies":[{"name":"wp","href":"https:\/\/api.w.org\/{rel}","templated":true}]}}