{"id":1043,"date":"2021-04-11T11:26:04","date_gmt":"2021-04-11T11:26:04","guid":{"rendered":"https:\/\/www.zesartech.com\/?page_id=1043"},"modified":"2021-04-14T09:14:52","modified_gmt":"2021-04-14T09:14:52","slug":"company-policy","status":"publish","type":"page","link":"https:\/\/www.zesartech.com\/es\/company-policy\/","title":{"rendered":"Pol\u00edtica de la compa\u00f1\u00eda"},"content":{"rendered":"<p>[vc_row][vc_column width=\u00bb1\/3&#8243;]<div class=\"porto-sicon-box style_1 default-icon flex-wrap\"><div class=\"porto-sicon-default\"><div id=\"porto-icon-104498105969f5e9bae7da2\" class=\"porto-just-icon-wrapper\" style=\"text-align:center;\"><div class=\"porto-sicon-img \" style=\"display:inline-block;font-size: 50px;\"><img class=\"img-icon\" alt=\"\" src=\"https:\/\/www.zesartech.com\/wp-content\/uploads\/2020\/10\/handshake.png\" width=\"128\" height=\"128\" \/><\/div><\/div><\/div><div class=\"porto-sicon-header\"><h3 class=\"porto-sicon-title\" style=\"font-size:20px;\">VISI\u00d3N Y MISI\u00d3N<\/h3><\/div> <!-- header --><div class=\"porto-sicon-description\" style=\"\"><strong>VISI\u00d3N:<\/strong> En el sector de fabricaci\u00f3n de bater\u00edas, estar entre los 3 principales proveedores de equipos de bater\u00edas del mundo en 2025, desarrollando el liderazgo que hemos logrado en el mercado nacional a lo largo de los a\u00f1os.<br \/>\n<strong>MISI\u00d3N:<\/strong> Ser el socio de soluciones de nuestros clientes con productos de alta calidad usando tecnolog\u00eda avanzada, servicio continuo y enfoque innovador alineado con las necesidades y expectativas del sector de bater\u00edas.<\/div> <!-- description --><\/div><!-- porto-sicon-box -->[\/vc_column][vc_column width=\u00bb1\/3&#8243;]<div class=\"porto-sicon-box style_1 default-icon flex-wrap\"><div class=\"porto-sicon-default\"><div id=\"porto-icon-183184205769f5e9bae85e1\" class=\"porto-just-icon-wrapper\" style=\"text-align:center;\"><div class=\"porto-sicon-img \" style=\"display:inline-block;font-size: 50px;\"><img class=\"img-icon\" alt=\"\" src=\"https:\/\/www.zesartech.com\/wp-content\/uploads\/2020\/10\/quality.png\" width=\"128\" height=\"128\" \/><\/div><\/div><\/div><div class=\"porto-sicon-header\"><h3 class=\"porto-sicon-title\" style=\"font-size:20px;\">POL\u00cdTICA DE CALIDAD<\/h3><\/div> <!-- header --><div class=\"porto-sicon-description\" style=\"\">&#8211; Garantizar la continuidad de la satisfacci\u00f3n del cliente.<br \/>\n&#8211; Alcanzar la m\u00e1xima calidad con el costo m\u00ednimo.<br \/>\n&#8211; Incrementar la productividad y satisfacci\u00f3n de los empleados.<br \/>\n&#8211; Invertir los recursos eficazmente.<br \/>\n&#8211; Mejorar y desarrollar proveedores como socios de soluciones.<br \/>\n&#8211; Utilizar el Sistema de Gesti\u00f3n de Calidad de forma eficaz y mejorar continuamente.<\/div> <!-- description --><\/div><!-- porto-sicon-box -->[\/vc_column][vc_column width=\u00bb1\/3&#8243;]<div class=\"porto-sicon-box style_1 default-icon flex-wrap\"><div class=\"porto-sicon-default\"><div id=\"porto-icon-204943013269f5e9bae8db2\" class=\"porto-just-icon-wrapper\" style=\"text-align:center;\"><div class=\"porto-sicon-img \" style=\"display:inline-block;font-size: 50px;\"><img class=\"img-icon\" alt=\"\" src=\"https:\/\/www.zesartech.com\/wp-content\/uploads\/2020\/10\/value.png\" width=\"128\" height=\"128\" \/><\/div><\/div><\/div><div class=\"porto-sicon-header\"><h3 class=\"porto-sicon-title\" style=\"font-size:20px;\">VALORES<\/h3><\/div> <!-- header --><div class=\"porto-sicon-description\" style=\"\">-Disposici\u00f3n a la innovaci\u00f3n y la superaci\u00f3n<br \/>\n&#8211; Orientaci\u00f3n al cliente<br \/>\n&#8211; Orientaci\u00f3n para soluciones<br \/>\n&#8211; Honestidad y sinceridad<br \/>\n&#8211; Sentido de responsabilidad<br \/>\nPol\u00edtica de calidad<\/p>\n<p><\/div> <!-- description --><\/div><!-- porto-sicon-box -->[\/vc_column][\/vc_row]<\/p>\n","protected":false},"excerpt":{"rendered":"<p>[vc_row][vc_column width=\u00bb1\/3&#8243;][\/vc_column][vc_column width=\u00bb1\/3&#8243;][\/vc_column][vc_column width=\u00bb1\/3&#8243;][\/vc_column][\/vc_row]<\/p>\n","protected":false},"author":2,"featured_media":0,"parent":0,"menu_order":0,"comment_status":"closed","ping_status":"closed","template":"","meta":[],"acf":[],"yoast_head":"<!-- This site is optimized with the Yoast SEO plugin v19.7.1 - https:\/\/yoast.com\/wordpress\/plugins\/seo\/ -->\n<title>Pol\u00edtica de la compa\u00f1\u00eda - Zesar<\/title>\n<meta name=\"robots\" content=\"index, follow, max-snippet:-1, max-image-preview:large, max-video-preview:-1\" \/>\n<link rel=\"canonical\" href=\"https:\/\/www.zesartech.com\/es\/company-policy\/\" \/>\n<meta property=\"og:locale\" content=\"es_ES\" \/>\n<meta property=\"og:type\" content=\"article\" \/>\n<meta property=\"og:title\" content=\"Pol\u00edtica de la compa\u00f1\u00eda - Zesar\" \/>\n<meta property=\"og:description\" content=\"[vc_row][vc_column width=\u00bb1\/3&#8243;][\/vc_column][vc_column width=\u00bb1\/3&#8243;][\/vc_column][vc_column width=\u00bb1\/3&#8243;][\/vc_column][\/vc_row]\" \/>\n<meta property=\"og:url\" content=\"https:\/\/www.zesartech.com\/es\/company-policy\/\" \/>\n<meta property=\"og:site_name\" content=\"Zesar\" \/>\n<meta property=\"article:modified_time\" content=\"2021-04-14T09:14:52+00:00\" \/>\n<meta name=\"twitter:card\" content=\"summary_large_image\" \/>\n<meta name=\"twitter:label1\" content=\"Tiempo de lectura\" \/>\n\t<meta name=\"twitter:data1\" content=\"1 minuto\" \/>\n<script type=\"application\/ld+json\" class=\"yoast-schema-graph\">{\"@context\":\"https:\/\/schema.org\",\"@graph\":[{\"@type\":\"WebPage\",\"@id\":\"https:\/\/www.zesartech.com\/es\/company-policy\/\",\"url\":\"https:\/\/www.zesartech.com\/es\/company-policy\/\",\"name\":\"Pol\u00edtica de la compa\u00f1\u00eda - Zesar\",\"isPartOf\":{\"@id\":\"https:\/\/www.zesartech.com\/es\/#website\"},\"datePublished\":\"2021-04-11T11:26:04+00:00\",\"dateModified\":\"2021-04-14T09:14:52+00:00\",\"breadcrumb\":{\"@id\":\"https:\/\/www.zesartech.com\/es\/company-policy\/#breadcrumb\"},\"inLanguage\":\"es\",\"potentialAction\":[{\"@type\":\"ReadAction\",\"target\":[\"https:\/\/www.zesartech.com\/es\/company-policy\/\"]}]},{\"@type\":\"BreadcrumbList\",\"@id\":\"https:\/\/www.zesartech.com\/es\/company-policy\/#breadcrumb\",\"itemListElement\":[{\"@type\":\"ListItem\",\"position\":1,\"name\":\"Home\",\"item\":\"https:\/\/www.zesartech.com\/es\/\"},{\"@type\":\"ListItem\",\"position\":2,\"name\":\"Pol\u00edtica de la compa\u00f1\u00eda\"}]},{\"@type\":\"WebSite\",\"@id\":\"https:\/\/www.zesartech.com\/es\/#website\",\"url\":\"https:\/\/www.zesartech.com\/es\/\",\"name\":\"Zesar\",\"description\":\"\",\"potentialAction\":[{\"@type\":\"SearchAction\",\"target\":{\"@type\":\"EntryPoint\",\"urlTemplate\":\"https:\/\/www.zesartech.com\/es\/?s={search_term_string}\"},\"query-input\":\"required name=search_term_string\"}],\"inLanguage\":\"es\"}]}<\/script>\n<!-- \/ Yoast SEO plugin. -->","yoast_head_json":{"title":"Pol\u00edtica de la compa\u00f1\u00eda - Zesar","robots":{"index":"index","follow":"follow","max-snippet":"max-snippet:-1","max-image-preview":"max-image-preview:large","max-video-preview":"max-video-preview:-1"},"canonical":"https:\/\/www.zesartech.com\/es\/company-policy\/","og_locale":"es_ES","og_type":"article","og_title":"Pol\u00edtica de la compa\u00f1\u00eda - Zesar","og_description":"[vc_row][vc_column width=\u00bb1\/3&#8243;][\/vc_column][vc_column width=\u00bb1\/3&#8243;][\/vc_column][vc_column width=\u00bb1\/3&#8243;][\/vc_column][\/vc_row]","og_url":"https:\/\/www.zesartech.com\/es\/company-policy\/","og_site_name":"Zesar","article_modified_time":"2021-04-14T09:14:52+00:00","twitter_card":"summary_large_image","twitter_misc":{"Tiempo de lectura":"1 minuto"},"schema":{"@context":"https:\/\/schema.org","@graph":[{"@type":"WebPage","@id":"https:\/\/www.zesartech.com\/es\/company-policy\/","url":"https:\/\/www.zesartech.com\/es\/company-policy\/","name":"Pol\u00edtica de la compa\u00f1\u00eda - Zesar","isPartOf":{"@id":"https:\/\/www.zesartech.com\/es\/#website"},"datePublished":"2021-04-11T11:26:04+00:00","dateModified":"2021-04-14T09:14:52+00:00","breadcrumb":{"@id":"https:\/\/www.zesartech.com\/es\/company-policy\/#breadcrumb"},"inLanguage":"es","potentialAction":[{"@type":"ReadAction","target":["https:\/\/www.zesartech.com\/es\/company-policy\/"]}]},{"@type":"BreadcrumbList","@id":"https:\/\/www.zesartech.com\/es\/company-policy\/#breadcrumb","itemListElement":[{"@type":"ListItem","position":1,"name":"Home","item":"https:\/\/www.zesartech.com\/es\/"},{"@type":"ListItem","position":2,"name":"Pol\u00edtica de la compa\u00f1\u00eda"}]},{"@type":"WebSite","@id":"https:\/\/www.zesartech.com\/es\/#website","url":"https:\/\/www.zesartech.com\/es\/","name":"Zesar","description":"","potentialAction":[{"@type":"SearchAction","target":{"@type":"EntryPoint","urlTemplate":"https:\/\/www.zesartech.com\/es\/?s={search_term_string}"},"query-input":"required name=search_term_string"}],"inLanguage":"es"}]}},"_links":{"self":[{"href":"https:\/\/www.zesartech.com\/es\/wp-json\/wp\/v2\/pages\/1043"}],"collection":[{"href":"https:\/\/www.zesartech.com\/es\/wp-json\/wp\/v2\/pages"}],"about":[{"href":"https:\/\/www.zesartech.com\/es\/wp-json\/wp\/v2\/types\/page"}],"author":[{"embeddable":true,"href":"https:\/\/www.zesartech.com\/es\/wp-json\/wp\/v2\/users\/2"}],"replies":[{"embeddable":true,"href":"https:\/\/www.zesartech.com\/es\/wp-json\/wp\/v2\/comments?post=1043"}],"version-history":[{"count":0,"href":"https:\/\/www.zesartech.com\/es\/wp-json\/wp\/v2\/pages\/1043\/revisions"}],"wp:attachment":[{"href":"https:\/\/www.zesartech.com\/es\/wp-json\/wp\/v2\/media?parent=1043"}],"curies":[{"name":"wp","href":"https:\/\/api.w.org\/{rel}","templated":true}]}}